{"id":11,"date":"2024-11-21T08:33:37","date_gmt":"2024-11-21T07:33:37","guid":{"rendered":"https:\/\/sklepyprestashop.kylos.pl\/epictube\/?page_id=11"},"modified":"2026-01-28T13:07:09","modified_gmt":"2026-01-28T12:07:09","slug":"polityka-prywatnosci-2","status":"publish","type":"page","link":"https:\/\/et.rainbowmultimedia.com.pl\/pl\/ruckgabebedingungen\/","title":{"rendered":"Polityka prywatno\u015bci"},"content":{"rendered":"<p><strong>Zasady anulowania w przypadku towar\u00f3w niestandardowych<\/strong><\/p>\n\n\n\n<p>Elementy takie jak os\u0142ony Epic TUBE s\u0105 dostosowywane wy\u0142\u0105cznie na \u017c\u0105danie.&nbsp;<\/p>\n\n\n\n<p><strong>Prawo do anulowania nie ma zastosowania w tym przypadku.<\/strong><\/p>\n\n\n\n<p><strong>Po rozpocz\u0119ciu produkcji nie mo\u017cemy ju\u017c zwolni\u0107 u\u017cytkownika z umowy.<\/strong><\/p>\n\n\n\n<p>Wady towar\u00f3w nie podlegaj\u0105 oczywi\u015bcie prawu do odst\u0105pienia od umowy, u\u017cytkownik zachowuje prawo do wolnego od wad, dzia\u0142aj\u0105cego produktu. U\u017cytkownik ma prawo do odst\u0105pienia od umowy w ci\u0105gu czternastu dni bez podania przyczyny. Aby skorzysta\u0107 z prawa do odst\u0105pienia od umowy, nale\u017cy przes\u0142a\u0107 nam<\/p>\n\n\n\n<p>E-beige Krzysztof Petz<br>\u015awidwowiec 58<br>PL 66320 Trzciel - Polska<br>E-mail: info@epictube.eu<br>Telefon:+49 151-633-591-47<\/p>\n\n\n\n<p>o swojej decyzji o odst\u0105pieniu od niniejszej umowy w drodze jednoznacznego o\u015bwiadczenia (np. poczt\u0105 elektroniczn\u0105 na adres: info@epictube.eu). Mo\u017cna skorzysta\u0107 z za\u0142\u0105czonego wzoru formularza odst\u0105pienia od umowy, ale nie jest to obowi\u0105zkowe.<\/p>\n\n\n\n<p>Prawo do odst\u0105pienia od umowy jest wy\u0142\u0105czone w przypadku nast\u0119puj\u0105cych um\u00f3w:<\/p>\n\n\n\n<p>Umowy na dostaw\u0119 towar\u00f3w, kt\u00f3re nie s\u0105 prefabrykowane i w przypadku kt\u00f3rych decyduj\u0105ce znaczenie ma indywidualny wyb\u00f3r lub ustalenie przez konsumenta lub kt\u00f3re s\u0105 wyra\u017anie dostosowane do osobistych potrzeb konsumenta (np. produkty spersonalizowane).<\/p>\n\n\n\n<p><strong>Konsekwencje anulowania<\/strong><\/p>\n\n\n\n<p>W przypadku odst\u0105pienia od niniejszej umowy, zwr\u00f3cimy u\u017cytkownikowi wszystkie otrzymane od niego p\u0142atno\u015bci, w tym koszty dostawy (z wyj\u0105tkiem dodatkowych koszt\u00f3w wynikaj\u0105cych z wyboru przez u\u017cytkownika innego rodzaju dostawy ni\u017c najta\u0144szy oferowany przez nas rodzaj dostawy standardowej), bez zb\u0119dnej zw\u0142oki, a w ka\u017cdym razie nie p\u00f3\u017aniej ni\u017c 14 dni od dnia, w kt\u00f3rym zostali\u015bmy poinformowani o decyzji u\u017cytkownika o odst\u0105pieniu od niniejszej umowy. W celu dokonania zwrotu u\u017cyjemy tych samych \u015brodk\u00f3w p\u0142atniczych, kt\u00f3rych u\u017cy\u0142e\u015b w pierwotnej transakcji, chyba \u017ce wyra\u017anie uzgodniono z Tob\u0105 inaczej; w \u017cadnym wypadku nie zostaniesz obci\u0105\u017cony \u017cadnymi op\u0142atami za ten zwrot.<\/p>\n\n\n\n<p>Mo\u017cemy odm\u00f3wi\u0107 zwrotu pieni\u0119dzy do czasu otrzymania towar\u00f3w z powrotem lub do czasu dostarczenia przez u\u017cytkownika dowodu, \u017ce zwr\u00f3ci\u0142 towary, w zale\u017cno\u015bci od tego, co nast\u0105pi wcze\u015bniej.<\/p>\n\n\n\n<p>U\u017cytkownik musi zwr\u00f3ci\u0107 lub przekaza\u0107 nam towary niezw\u0142ocznie, a w ka\u017cdym razie nie p\u00f3\u017aniej ni\u017c w ci\u0105gu czternastu dni od dnia, w kt\u00f3rym poinformowa\u0142 nas o odst\u0105pieniu od niniejszej umowy. Termin jest zachowany, je\u015bli towary zostan\u0105 wys\u0142ane przed up\u0142ywem czternastu dni.<\/p>\n\n\n\n<p>U\u017cytkownik ponosi bezpo\u015brednie koszty zwrotu towar\u00f3w.<\/p>\n\n\n\n<p>****************************************************************************************************<\/p>\n\n\n\n<p><strong>\u00a77 Przyk\u0142adowa wiadomo\u015b\u0107 e-mail o anulowaniu<\/strong><\/p>\n\n\n\n<p>Niniejszym anuluj\u0119 zawart\u0105 przeze mnie umow\u0119 zakupu nast\u0119puj\u0105cych towar\u00f3w:&nbsp;&nbsp;<\/p>\n\n\n\n<p class=\"translation-block\">Zam\u00f3wione na:<br>Imi\u0119 i nazwisko konsumenta<br>Adres konsumenta<br>Do: E-mail: info@epictube.eu<\/p>\n\n\n\n<p>E-beige Krzysztof Petz<br>\u015awidwowiec 58<br>PL-66320 Trzciel - Polska<br>Numer identyfikacyjny VAT: DE341177963<br>LUCID: DE1523881756145<br>Telefon:+49 151-633-591-47<\/p>","protected":false},"excerpt":{"rendered":"<p>Widerrufsbelehrung f\u00fcr auf Ma\u00df angefertigte Waren Artikel wie Epic TUBE Abdeckungen werden ausschlie\u00dflich auf Anforderung individuell angefertigt.&nbsp; Das Widerrufsrecht ist in diesem Fall nicht gegeben. Mit Produktionsbeginn k\u00f6nnen wir Sie nicht mehr aus dem Vertrag entlassen. M\u00e4ngel an der Ware sind selbstverst\u00e4ndlich nicht Thema des Widerrufsrecht, Sie behalten Ihr Recht auf eine mangelfreie, funktionierende Ware.&hellip;&nbsp;<a href=\"https:\/\/et.rainbowmultimedia.com.pl\/pl\/ruckgabebedingungen\/\" rel=\"bookmark\">Dowiedz si\u0119 wi\u0119cej \"<span class=\"screen-reader-text\">Polityka prywatno\u015bci<\/span><\/a><\/p>","protected":false},"author":1,"featured_media":0,"parent":0,"menu_order":0,"comment_status":"closed","ping_status":"closed","template":"page-templates\/template-polityka.php","meta":{"_acf_changed":false,"neve_meta_sidebar":"","neve_meta_container":"","neve_meta_enable_content_width":"","neve_meta_content_width":0,"neve_meta_title_alignment":"","neve_meta_author_avatar":"","neve_post_elements_order":"","neve_meta_disable_header":"","neve_meta_disable_footer":"","neve_meta_disable_title":"","_themeisle_gutenberg_block_has_review":false,"footnotes":""},"class_list":["post-11","page","type-page","status-publish","hentry"],"acf":[],"yoast_head":"<!-- This site is optimized with the Yoast SEO plugin v27.1.1 - https:\/\/yoast.com\/product\/yoast-seo-wordpress\/ -->\n<title>R\u00fcckgabebedingungen - Epic TUBE - Abdeckungen nach Ma\u00df<\/title>\n<meta name=\"robots\" content=\"index, follow, max-snippet:-1, max-image-preview:large, max-video-preview:-1\" \/>\n<link rel=\"canonical\" href=\"https:\/\/et.rainbowmultimedia.com.pl\/pl\/polityka-prywatnosci-2\/\" \/>\n<meta property=\"og:locale\" content=\"pl_PL\" \/>\n<meta property=\"og:type\" content=\"article\" \/>\n<meta property=\"og:title\" content=\"R\u00fcckgabebedingungen - Epic TUBE - Abdeckungen nach Ma\u00df\" \/>\n<meta property=\"og:description\" content=\"Widerrufsbelehrung f\u00fcr auf Ma\u00df angefertigte Waren Artikel wie Epic TUBE Abdeckungen werden ausschlie\u00dflich auf Anforderung individuell angefertigt.&nbsp; Das Widerrufsrecht ist in diesem Fall nicht gegeben. Mit Produktionsbeginn k\u00f6nnen wir Sie nicht mehr aus dem Vertrag entlassen. M\u00e4ngel an der Ware sind selbstverst\u00e4ndlich nicht Thema des Widerrufsrecht, Sie behalten Ihr Recht auf eine mangelfreie, funktionierende Ware.&hellip;&nbsp;Dowiedz si\u0119 wi\u0119cej &raquo;R\u00fcckgabebedingungen\" \/>\n<meta property=\"og:url\" content=\"https:\/\/et.rainbowmultimedia.com.pl\/pl\/polityka-prywatnosci-2\/\" \/>\n<meta property=\"og:site_name\" content=\"Epic TUBE - Abdeckungen nach Ma\u00df\" \/>\n<meta property=\"article:modified_time\" content=\"2026-01-28T12:07:09+00:00\" \/>\n<meta name=\"twitter:card\" content=\"summary_large_image\" \/>\n<meta name=\"twitter:label1\" content=\"Szacowany czas czytania\" \/>\n\t<meta name=\"twitter:data1\" content=\"3 minuty\" \/>\n<script type=\"application\/ld+json\" class=\"yoast-schema-graph\">{\"@context\":\"https:\/\/schema.org\",\"@graph\":[{\"@type\":\"WebPage\",\"@id\":\"https:\/\/et.rainbowmultimedia.com.pl\/ruckgabebedingungen\/\",\"url\":\"https:\/\/et.rainbowmultimedia.com.pl\/ruckgabebedingungen\/\",\"name\":\"R\u00fcckgabebedingungen - Epic TUBE - Abdeckungen nach Ma\u00df\",\"isPartOf\":{\"@id\":\"https:\/\/et.rainbowmultimedia.com.pl\/#website\"},\"datePublished\":\"2024-11-21T07:33:37+00:00\",\"dateModified\":\"2026-01-28T12:07:09+00:00\",\"breadcrumb\":{\"@id\":\"https:\/\/et.rainbowmultimedia.com.pl\/ruckgabebedingungen\/#breadcrumb\"},\"inLanguage\":\"pl-PL\",\"potentialAction\":[{\"@type\":\"ReadAction\",\"target\":[\"https:\/\/et.rainbowmultimedia.com.pl\/ruckgabebedingungen\/\"]}]},{\"@type\":\"BreadcrumbList\",\"@id\":\"https:\/\/et.rainbowmultimedia.com.pl\/ruckgabebedingungen\/#breadcrumb\",\"itemListElement\":[{\"@type\":\"ListItem\",\"position\":1,\"name\":\"Home\",\"item\":\"https:\/\/et.rainbowmultimedia.com.pl\/\"},{\"@type\":\"ListItem\",\"position\":2,\"name\":\"R\u00fcckgabebedingungen\"}]},{\"@type\":\"WebSite\",\"@id\":\"https:\/\/et.rainbowmultimedia.com.pl\/#website\",\"url\":\"https:\/\/et.rainbowmultimedia.com.pl\/\",\"name\":\"Epic Tube\",\"description\":\"Kosteng\u00fcnstige Abdeckungen nach Ma\u00df versandfertig in 3 Tagen\",\"publisher\":{\"@id\":\"https:\/\/et.rainbowmultimedia.com.pl\/#organization\"},\"potentialAction\":[{\"@type\":\"SearchAction\",\"target\":{\"@type\":\"EntryPoint\",\"urlTemplate\":\"https:\/\/et.rainbowmultimedia.com.pl\/?s={search_term_string}\"},\"query-input\":{\"@type\":\"PropertyValueSpecification\",\"valueRequired\":true,\"valueName\":\"search_term_string\"}}],\"inLanguage\":\"pl-PL\"},{\"@type\":\"Organization\",\"@id\":\"https:\/\/et.rainbowmultimedia.com.pl\/#organization\",\"name\":\"Epic Tube\",\"url\":\"https:\/\/et.rainbowmultimedia.com.pl\/\",\"logo\":{\"@type\":\"ImageObject\",\"inLanguage\":\"pl-PL\",\"@id\":\"https:\/\/et.rainbowmultimedia.com.pl\/#\/schema\/logo\/image\/\",\"url\":\"https:\/\/et.rainbowmultimedia.com.pl\/wp-content\/uploads\/2024\/06\/Logo_EPIC_TUBE_400x400.jpg\",\"contentUrl\":\"https:\/\/et.rainbowmultimedia.com.pl\/wp-content\/uploads\/2024\/06\/Logo_EPIC_TUBE_400x400.jpg\",\"width\":400,\"height\":400,\"caption\":\"Epic Tube\"},\"image\":{\"@id\":\"https:\/\/et.rainbowmultimedia.com.pl\/#\/schema\/logo\/image\/\"}}]}<\/script>\n<!-- \/ Yoast SEO plugin. -->","yoast_head_json":{"title":"Polityka prywatno\u015bci - Epic TUBE - Pokrowce na zam\u00f3wienie","robots":{"index":"index","follow":"follow","max-snippet":"max-snippet:-1","max-image-preview":"max-image-preview:large","max-video-preview":"max-video-preview:-1"},"canonical":"https:\/\/et.rainbowmultimedia.com.pl\/pl\/polityka-prywatnosci-2\/","og_locale":"pl_PL","og_type":"article","og_title":"R\u00fcckgabebedingungen - Epic TUBE - Abdeckungen nach Ma\u00df","og_description":"Widerrufsbelehrung f\u00fcr auf Ma\u00df angefertigte Waren Artikel wie Epic TUBE Abdeckungen werden ausschlie\u00dflich auf Anforderung individuell angefertigt.&nbsp; Das Widerrufsrecht ist in diesem Fall nicht gegeben. Mit Produktionsbeginn k\u00f6nnen wir Sie nicht mehr aus dem Vertrag entlassen. M\u00e4ngel an der Ware sind selbstverst\u00e4ndlich nicht Thema des Widerrufsrecht, Sie behalten Ihr Recht auf eine mangelfreie, funktionierende Ware.&hellip;&nbsp;Dowiedz si\u0119 wi\u0119cej &raquo;R\u00fcckgabebedingungen","og_url":"https:\/\/et.rainbowmultimedia.com.pl\/pl\/polityka-prywatnosci-2\/","og_site_name":"Epic TUBE - Abdeckungen nach Ma\u00df","article_modified_time":"2026-01-28T12:07:09+00:00","twitter_card":"summary_large_image","twitter_misc":{"Szacowany czas czytania":"3 minuty"},"schema":{"@context":"https:\/\/schema.org","@graph":[{"@type":"WebPage","@id":"https:\/\/et.rainbowmultimedia.com.pl\/ruckgabebedingungen\/","url":"https:\/\/et.rainbowmultimedia.com.pl\/ruckgabebedingungen\/","name":"Polityka prywatno\u015bci - Epic TUBE - Pokrowce na zam\u00f3wienie","isPartOf":{"@id":"https:\/\/et.rainbowmultimedia.com.pl\/#website"},"datePublished":"2024-11-21T07:33:37+00:00","dateModified":"2026-01-28T12:07:09+00:00","breadcrumb":{"@id":"https:\/\/et.rainbowmultimedia.com.pl\/ruckgabebedingungen\/#breadcrumb"},"inLanguage":"pl-PL","potentialAction":[{"@type":"ReadAction","target":["https:\/\/et.rainbowmultimedia.com.pl\/ruckgabebedingungen\/"]}]},{"@type":"BreadcrumbList","@id":"https:\/\/et.rainbowmultimedia.com.pl\/ruckgabebedingungen\/#breadcrumb","itemListElement":[{"@type":"ListItem","position":1,"name":"Home","item":"https:\/\/et.rainbowmultimedia.com.pl\/"},{"@type":"ListItem","position":2,"name":"R\u00fcckgabebedingungen"}]},{"@type":"WebSite","@id":"https:\/\/et.rainbowmultimedia.com.pl\/#website","url":"https:\/\/et.rainbowmultimedia.com.pl\/","name":"Epic Tube","description":"Ekonomiczne, spersonalizowane os\u0142ony gotowe do wysy\u0142ki w ci\u0105gu 3 dni","publisher":{"@id":"https:\/\/et.rainbowmultimedia.com.pl\/#organization"},"potentialAction":[{"@type":"SearchAction","target":{"@type":"EntryPoint","urlTemplate":"https:\/\/et.rainbowmultimedia.com.pl\/?s={search_term_string}"},"query-input":{"@type":"PropertyValueSpecification","valueRequired":true,"valueName":"search_term_string"}}],"inLanguage":"pl-PL"},{"@type":"Organization","@id":"https:\/\/et.rainbowmultimedia.com.pl\/#organization","name":"Epic Tube","url":"https:\/\/et.rainbowmultimedia.com.pl\/","logo":{"@type":"ImageObject","inLanguage":"pl-PL","@id":"https:\/\/et.rainbowmultimedia.com.pl\/#\/schema\/logo\/image\/","url":"https:\/\/et.rainbowmultimedia.com.pl\/wp-content\/uploads\/2024\/06\/Logo_EPIC_TUBE_400x400.jpg","contentUrl":"https:\/\/et.rainbowmultimedia.com.pl\/wp-content\/uploads\/2024\/06\/Logo_EPIC_TUBE_400x400.jpg","width":400,"height":400,"caption":"Epic Tube"},"image":{"@id":"https:\/\/et.rainbowmultimedia.com.pl\/#\/schema\/logo\/image\/"}}]}},"_links":{"self":[{"href":"https:\/\/et.rainbowmultimedia.com.pl\/pl\/wp-json\/wp\/v2\/pages\/11","targetHints":{"allow":["GET"]}}],"collection":[{"href":"https:\/\/et.rainbowmultimedia.com.pl\/pl\/wp-json\/wp\/v2\/pages"}],"about":[{"href":"https:\/\/et.rainbowmultimedia.com.pl\/pl\/wp-json\/wp\/v2\/types\/page"}],"author":[{"embeddable":true,"href":"https:\/\/et.rainbowmultimedia.com.pl\/pl\/wp-json\/wp\/v2\/users\/1"}],"replies":[{"embeddable":true,"href":"https:\/\/et.rainbowmultimedia.com.pl\/pl\/wp-json\/wp\/v2\/comments?post=11"}],"version-history":[{"count":2,"href":"https:\/\/et.rainbowmultimedia.com.pl\/pl\/wp-json\/wp\/v2\/pages\/11\/revisions"}],"predecessor-version":[{"id":5090,"href":"https:\/\/et.rainbowmultimedia.com.pl\/pl\/wp-json\/wp\/v2\/pages\/11\/revisions\/5090"}],"wp:attachment":[{"href":"https:\/\/et.rainbowmultimedia.com.pl\/pl\/wp-json\/wp\/v2\/media?parent=11"}],"curies":[{"name":"wp","href":"https:\/\/api.w.org\/{rel}","templated":true}]}}