{"id":11,"date":"2024-11-21T08:33:37","date_gmt":"2024-11-21T07:33:37","guid":{"rendered":"https:\/\/sklepyprestashop.kylos.pl\/epictube\/?page_id=11"},"modified":"2026-01-28T13:07:09","modified_gmt":"2026-01-28T12:07:09","slug":"terugkeervoorwaarden","status":"publish","type":"page","link":"https:\/\/et.rainbowmultimedia.com.pl\/nl\/ruckgabebedingungen\/","title":{"rendered":"Privacybeleid"},"content":{"rendered":"<p><strong>Annuleringsvoorwaarden voor aangepaste goederen<\/strong><\/p>\n\n\n\n<p>Artikelen zoals Epic TUBE hoezen worden alleen op verzoek op maat gemaakt.&nbsp;<\/p>\n\n\n\n<p><strong>Het recht op annulering is in dit geval niet van toepassing.<\/strong><\/p>\n\n\n\n<p><strong>We kunnen je niet meer van het contract ontheffen zodra de productie is gestart.<\/strong><\/p>\n\n\n\n<p>Defecten in de goederen vallen uiteraard niet onder het herroepingsrecht, u behoudt uw recht op een defect, goed werkend product. U hebt het recht om dit contract binnen veertien dagen zonder opgave van redenen te annuleren. Om uw herroepingsrecht uit te oefenen, moet u ons het volgende sturen<\/p>\n\n\n\n<p>E-beige Krzysztof Petz<br>Swidwowiec 58<br>PL 66320 Trzciel - Polen<br>E-mail: info@epictube.eu<br>Telefoon:+49 151-633-591-47<\/p>\n\n\n\n<p>van je beslissing om dit contract te herroepen door middel van een ondubbelzinnige verklaring (bijv. e-mail naar: info@epictube.eu). U kunt het bijgevoegde voorbeeldformulier voor herroeping gebruiken, maar dit is niet verplicht.<\/p>\n\n\n\n<p>Het recht op annulering is uitgesloten voor de volgende contracten:<\/p>\n\n\n\n<p>Overeenkomsten voor de levering van goederen die niet geprefabriceerd zijn en voor de vervaardiging waarvan een individuele keuze of bepaling door de consument doorslaggevend is of die duidelijk zijn afgestemd op de persoonlijke behoeften van de consument (bv. producten op maat)<\/p>\n\n\n\n<p><strong>Gevolgen van annulering<\/strong><\/p>\n\n\n\n<p>Als u dit contract herroept, betalen wij u alle betalingen terug die wij van u hebben ontvangen, inclusief de leveringskosten (met uitzondering van de extra kosten die voortvloeien uit uw keuze voor een andere leveringswijze dan de door ons aangeboden goedkoopste standaardlevering), zonder onnodige vertraging en in ieder geval niet later dan 14 dagen vanaf de dag waarop wij op de hoogte zijn gesteld van uw beslissing om dit contract te herroepen. Voor deze terugbetaling gebruiken wij hetzelfde betaalmiddel dat u voor de oorspronkelijke transactie hebt gebruikt, tenzij uitdrukkelijk anders met u is overeengekomen; in geen geval worden u voor deze terugbetaling kosten in rekening gebracht.<\/p>\n\n\n\n<p>We kunnen weigeren je geld terug te betalen totdat we de goederen hebben teruggekregen of totdat je hebt aangetoond dat je de goederen hebt teruggezonden, afhankelijk van wat het eerst gebeurt.<\/p>\n\n\n\n<p>U moet de goederen onmiddellijk aan ons retourneren of overhandigen en in ieder geval uiterlijk binnen veertien dagen vanaf de dag waarop u ons hebt ge\u00efnformeerd over de annulering van dit contract. Aan de termijn is voldaan als u de goederen verzendt voordat de termijn van veertien dagen is verstreken.<\/p>\n\n\n\n<p>Jij draagt de directe kosten voor het terugsturen van de goederen.<\/p>\n\n\n\n<p>****************************************************************************************************<\/p>\n\n\n\n<p><strong>\u00a77 Voorbeeld van een annuleringsmail<\/strong><\/p>\n\n\n\n<p>Hierbij ontbind ik de door mij gesloten overeenkomst voor de aankoop van de volgende goederen:&nbsp;&nbsp;<\/p>\n\n\n\n<p class=\"translation-block\">Besteld op:<br>Naam van de consument<br>Adres van de consument<br>Aan : E-mail: info@epictube.eu<\/p>\n\n\n\n<p>E-beige Krzysztof Petz<br>Swidwowiec 58<br>PL-66320 Trzciel - Polen<br>BTW-nummer: DE341177963<br>HELDER: DE1523881756145<br>Telefoon:+49 151-633-591-47<\/p>","protected":false},"excerpt":{"rendered":"<p>Widerrufsbelehrung f\u00fcr auf Ma\u00df angefertigte Waren Artikel wie Epic TUBE Abdeckungen werden ausschlie\u00dflich auf Anforderung individuell angefertigt.&nbsp; Das Widerrufsrecht ist in diesem Fall nicht gegeben. Mit Produktionsbeginn k\u00f6nnen wir Sie nicht mehr aus dem Vertrag entlassen. M\u00e4ngel an der Ware sind selbstverst\u00e4ndlich nicht Thema des Widerrufsrecht, Sie behalten Ihr Recht auf eine mangelfreie, funktionierende Ware.&hellip;&nbsp;<a href=\"https:\/\/et.rainbowmultimedia.com.pl\/nl\/ruckgabebedingungen\/\" rel=\"bookmark\">Read More &raquo;<span class=\"screen-reader-text\">Privacybeleid<\/span><\/a><\/p>","protected":false},"author":1,"featured_media":0,"parent":0,"menu_order":0,"comment_status":"closed","ping_status":"closed","template":"page-templates\/template-polityka.php","meta":{"_acf_changed":false,"neve_meta_sidebar":"","neve_meta_container":"","neve_meta_enable_content_width":"","neve_meta_content_width":0,"neve_meta_title_alignment":"","neve_meta_author_avatar":"","neve_post_elements_order":"","neve_meta_disable_header":"","neve_meta_disable_footer":"","neve_meta_disable_title":"","_themeisle_gutenberg_block_has_review":false,"footnotes":""},"class_list":["post-11","page","type-page","status-publish","hentry"],"acf":[],"yoast_head":"<!-- This site is optimized with the Yoast SEO plugin v27.1.1 - https:\/\/yoast.com\/product\/yoast-seo-wordpress\/ -->\n<title>R\u00fcckgabebedingungen - Epic TUBE - Abdeckungen nach Ma\u00df<\/title>\n<meta name=\"robots\" content=\"index, follow, max-snippet:-1, max-image-preview:large, max-video-preview:-1\" \/>\n<link rel=\"canonical\" href=\"https:\/\/et.rainbowmultimedia.com.pl\/nl\/terugkeervoorwaarden\/\" \/>\n<meta property=\"og:locale\" content=\"nl_NL\" \/>\n<meta property=\"og:type\" content=\"article\" \/>\n<meta property=\"og:title\" content=\"R\u00fcckgabebedingungen - Epic TUBE - Abdeckungen nach Ma\u00df\" \/>\n<meta property=\"og:description\" content=\"Widerrufsbelehrung f\u00fcr auf Ma\u00df angefertigte Waren Artikel wie Epic TUBE Abdeckungen werden ausschlie\u00dflich auf Anforderung individuell angefertigt.&nbsp; Das Widerrufsrecht ist in diesem Fall nicht gegeben. Mit Produktionsbeginn k\u00f6nnen wir Sie nicht mehr aus dem Vertrag entlassen. M\u00e4ngel an der Ware sind selbstverst\u00e4ndlich nicht Thema des Widerrufsrecht, Sie behalten Ihr Recht auf eine mangelfreie, funktionierende Ware.&hellip;&nbsp;Read More &raquo;R\u00fcckgabebedingungen\" \/>\n<meta property=\"og:url\" content=\"https:\/\/et.rainbowmultimedia.com.pl\/nl\/terugkeervoorwaarden\/\" \/>\n<meta property=\"og:site_name\" content=\"Epic TUBE - Abdeckungen nach Ma\u00df\" \/>\n<meta property=\"article:modified_time\" content=\"2026-01-28T12:07:09+00:00\" \/>\n<meta name=\"twitter:card\" content=\"summary_large_image\" \/>\n<meta name=\"twitter:label1\" content=\"Est. reading time\" \/>\n\t<meta name=\"twitter:data1\" content=\"3 minuten\" \/>\n<script type=\"application\/ld+json\" class=\"yoast-schema-graph\">{\"@context\":\"https:\/\/schema.org\",\"@graph\":[{\"@type\":\"WebPage\",\"@id\":\"https:\/\/et.rainbowmultimedia.com.pl\/ruckgabebedingungen\/\",\"url\":\"https:\/\/et.rainbowmultimedia.com.pl\/ruckgabebedingungen\/\",\"name\":\"R\u00fcckgabebedingungen - Epic TUBE - Abdeckungen nach Ma\u00df\",\"isPartOf\":{\"@id\":\"https:\/\/et.rainbowmultimedia.com.pl\/#website\"},\"datePublished\":\"2024-11-21T07:33:37+00:00\",\"dateModified\":\"2026-01-28T12:07:09+00:00\",\"breadcrumb\":{\"@id\":\"https:\/\/et.rainbowmultimedia.com.pl\/ruckgabebedingungen\/#breadcrumb\"},\"inLanguage\":\"nl-NL\",\"potentialAction\":[{\"@type\":\"ReadAction\",\"target\":[\"https:\/\/et.rainbowmultimedia.com.pl\/ruckgabebedingungen\/\"]}]},{\"@type\":\"BreadcrumbList\",\"@id\":\"https:\/\/et.rainbowmultimedia.com.pl\/ruckgabebedingungen\/#breadcrumb\",\"itemListElement\":[{\"@type\":\"ListItem\",\"position\":1,\"name\":\"Home\",\"item\":\"https:\/\/et.rainbowmultimedia.com.pl\/\"},{\"@type\":\"ListItem\",\"position\":2,\"name\":\"R\u00fcckgabebedingungen\"}]},{\"@type\":\"WebSite\",\"@id\":\"https:\/\/et.rainbowmultimedia.com.pl\/#website\",\"url\":\"https:\/\/et.rainbowmultimedia.com.pl\/\",\"name\":\"Epic Tube\",\"description\":\"Kosteng\u00fcnstige Abdeckungen nach Ma\u00df versandfertig in 3 Tagen\",\"publisher\":{\"@id\":\"https:\/\/et.rainbowmultimedia.com.pl\/#organization\"},\"potentialAction\":[{\"@type\":\"SearchAction\",\"target\":{\"@type\":\"EntryPoint\",\"urlTemplate\":\"https:\/\/et.rainbowmultimedia.com.pl\/?s={search_term_string}\"},\"query-input\":{\"@type\":\"PropertyValueSpecification\",\"valueRequired\":true,\"valueName\":\"search_term_string\"}}],\"inLanguage\":\"nl-NL\"},{\"@type\":\"Organization\",\"@id\":\"https:\/\/et.rainbowmultimedia.com.pl\/#organization\",\"name\":\"Epic Tube\",\"url\":\"https:\/\/et.rainbowmultimedia.com.pl\/\",\"logo\":{\"@type\":\"ImageObject\",\"inLanguage\":\"nl-NL\",\"@id\":\"https:\/\/et.rainbowmultimedia.com.pl\/#\/schema\/logo\/image\/\",\"url\":\"https:\/\/et.rainbowmultimedia.com.pl\/wp-content\/uploads\/2024\/06\/Logo_EPIC_TUBE_400x400.jpg\",\"contentUrl\":\"https:\/\/et.rainbowmultimedia.com.pl\/wp-content\/uploads\/2024\/06\/Logo_EPIC_TUBE_400x400.jpg\",\"width\":400,\"height\":400,\"caption\":\"Epic Tube\"},\"image\":{\"@id\":\"https:\/\/et.rainbowmultimedia.com.pl\/#\/schema\/logo\/image\/\"}}]}<\/script>\n<!-- \/ Yoast SEO plugin. -->","yoast_head_json":{"title":"Retourbeleid - Epic TUBE - Op maat gemaakte hoezen","robots":{"index":"index","follow":"follow","max-snippet":"max-snippet:-1","max-image-preview":"max-image-preview:large","max-video-preview":"max-video-preview:-1"},"canonical":"https:\/\/et.rainbowmultimedia.com.pl\/nl\/terugkeervoorwaarden\/","og_locale":"nl_NL","og_type":"article","og_title":"R\u00fcckgabebedingungen - Epic TUBE - Abdeckungen nach Ma\u00df","og_description":"Widerrufsbelehrung f\u00fcr auf Ma\u00df angefertigte Waren Artikel wie Epic TUBE Abdeckungen werden ausschlie\u00dflich auf Anforderung individuell angefertigt.&nbsp; Das Widerrufsrecht ist in diesem Fall nicht gegeben. Mit Produktionsbeginn k\u00f6nnen wir Sie nicht mehr aus dem Vertrag entlassen. M\u00e4ngel an der Ware sind selbstverst\u00e4ndlich nicht Thema des Widerrufsrecht, Sie behalten Ihr Recht auf eine mangelfreie, funktionierende Ware.&hellip;&nbsp;Read More &raquo;R\u00fcckgabebedingungen","og_url":"https:\/\/et.rainbowmultimedia.com.pl\/nl\/terugkeervoorwaarden\/","og_site_name":"Epic TUBE - Abdeckungen nach Ma\u00df","article_modified_time":"2026-01-28T12:07:09+00:00","twitter_card":"summary_large_image","twitter_misc":{"Est. reading time":"3 minuten"},"schema":{"@context":"https:\/\/schema.org","@graph":[{"@type":"WebPage","@id":"https:\/\/et.rainbowmultimedia.com.pl\/ruckgabebedingungen\/","url":"https:\/\/et.rainbowmultimedia.com.pl\/ruckgabebedingungen\/","name":"Retourbeleid - Epic TUBE - Op maat gemaakte hoezen","isPartOf":{"@id":"https:\/\/et.rainbowmultimedia.com.pl\/#website"},"datePublished":"2024-11-21T07:33:37+00:00","dateModified":"2026-01-28T12:07:09+00:00","breadcrumb":{"@id":"https:\/\/et.rainbowmultimedia.com.pl\/ruckgabebedingungen\/#breadcrumb"},"inLanguage":"nl-NL","potentialAction":[{"@type":"ReadAction","target":["https:\/\/et.rainbowmultimedia.com.pl\/ruckgabebedingungen\/"]}]},{"@type":"BreadcrumbList","@id":"https:\/\/et.rainbowmultimedia.com.pl\/ruckgabebedingungen\/#breadcrumb","itemListElement":[{"@type":"ListItem","position":1,"name":"Home","item":"https:\/\/et.rainbowmultimedia.com.pl\/"},{"@type":"ListItem","position":2,"name":"R\u00fcckgabebedingungen"}]},{"@type":"WebSite","@id":"https:\/\/et.rainbowmultimedia.com.pl\/#website","url":"https:\/\/et.rainbowmultimedia.com.pl\/","name":"Epische buis","description":"Kosteneffectieve op maat gemaakte hoezen klaar voor verzending in 3 dagen","publisher":{"@id":"https:\/\/et.rainbowmultimedia.com.pl\/#organization"},"potentialAction":[{"@type":"SearchAction","target":{"@type":"EntryPoint","urlTemplate":"https:\/\/et.rainbowmultimedia.com.pl\/?s={search_term_string}"},"query-input":{"@type":"PropertyValueSpecification","valueRequired":true,"valueName":"search_term_string"}}],"inLanguage":"nl-NL"},{"@type":"Organization","@id":"https:\/\/et.rainbowmultimedia.com.pl\/#organization","name":"Epische buis","url":"https:\/\/et.rainbowmultimedia.com.pl\/","logo":{"@type":"ImageObject","inLanguage":"nl-NL","@id":"https:\/\/et.rainbowmultimedia.com.pl\/#\/schema\/logo\/image\/","url":"https:\/\/et.rainbowmultimedia.com.pl\/wp-content\/uploads\/2024\/06\/Logo_EPIC_TUBE_400x400.jpg","contentUrl":"https:\/\/et.rainbowmultimedia.com.pl\/wp-content\/uploads\/2024\/06\/Logo_EPIC_TUBE_400x400.jpg","width":400,"height":400,"caption":"Epic Tube"},"image":{"@id":"https:\/\/et.rainbowmultimedia.com.pl\/#\/schema\/logo\/image\/"}}]}},"_links":{"self":[{"href":"https:\/\/et.rainbowmultimedia.com.pl\/nl\/wp-json\/wp\/v2\/pages\/11","targetHints":{"allow":["GET"]}}],"collection":[{"href":"https:\/\/et.rainbowmultimedia.com.pl\/nl\/wp-json\/wp\/v2\/pages"}],"about":[{"href":"https:\/\/et.rainbowmultimedia.com.pl\/nl\/wp-json\/wp\/v2\/types\/page"}],"author":[{"embeddable":true,"href":"https:\/\/et.rainbowmultimedia.com.pl\/nl\/wp-json\/wp\/v2\/users\/1"}],"replies":[{"embeddable":true,"href":"https:\/\/et.rainbowmultimedia.com.pl\/nl\/wp-json\/wp\/v2\/comments?post=11"}],"version-history":[{"count":2,"href":"https:\/\/et.rainbowmultimedia.com.pl\/nl\/wp-json\/wp\/v2\/pages\/11\/revisions"}],"predecessor-version":[{"id":5090,"href":"https:\/\/et.rainbowmultimedia.com.pl\/nl\/wp-json\/wp\/v2\/pages\/11\/revisions\/5090"}],"wp:attachment":[{"href":"https:\/\/et.rainbowmultimedia.com.pl\/nl\/wp-json\/wp\/v2\/media?parent=11"}],"curies":[{"name":"wp","href":"https:\/\/api.w.org\/{rel}","templated":true}]}}