{"id":11,"date":"2024-11-21T08:33:37","date_gmt":"2024-11-21T07:33:37","guid":{"rendered":"https:\/\/sklepyprestashop.kylos.pl\/epictube\/?page_id=11"},"modified":"2026-01-28T13:07:09","modified_gmt":"2026-01-28T12:07:09","slug":"condizioni-di-reso","status":"publish","type":"page","link":"https:\/\/et.rainbowmultimedia.com.pl\/it\/ruckgabebedingungen\/","title":{"rendered":"Informativa sulla privacy"},"content":{"rendered":"<p><strong>Politica di cancellazione per beni realizzati su misura<\/strong><\/p>\n\n\n\n<p>Articoli come le coperture Epic TUBE vengono realizzati su ordinazione.&nbsp;<\/p>\n\n\n\n<p><strong>In questo caso non sussiste il diritto di recesso.<\/strong><\/p>\n\n\n\n<p><strong>Una volta iniziata la produzione non potremo pi\u00f9 liberarti dal contratto.<\/strong><\/p>\n\n\n\n<p>I difetti della merce non sono ovviamente soggetti al diritto di recesso; conservi il diritto a beni funzionanti e privi di difetti. Lei ha il diritto di recedere dal presente contratto entro quattordici giorni senza indicarne le ragioni. Per esercitare il diritto di recesso, \u00e8 necessario<\/p>\n\n\n\n<p>E-Beige Krzysztof Petz<br>Swidwowiec 58<br>PL 66320 Trzciel \u2013 Polonia<br>E-mail: info@epictube.eu<br>Telefono: +49 151-633-591-47<\/p>\n\n\n\n<p>tramite una dichiarazione chiara (ad esempio via e-mail a: info@epictube.eu) della tua decisione di recedere dal presente contratto. A tale scopo \u00e8 possibile utilizzare il modulo di recesso tipo allegato, sebbene non sia obbligatorio.<\/p>\n\n\n\n<p>Il diritto di recesso \u00e8 escluso per i seguenti contratti:<\/p>\n\n\n\n<p>Contratti per la fornitura di beni non prefabbricati e per la cui produzione \u00e8 determinante una scelta o una determinazione individuale da parte del consumatore o che sono chiaramente adattati alle esigenze personali del consumatore (ad esempio articoli su misura)<\/p>\n\n\n\n<p><strong>Conseguenze della revoca<\/strong><\/p>\n\n\n\n<p>Se Lei recede dal presente contratto, Le saranno rimborsati tutti i pagamenti che abbiamo ricevuto da Lei, compresi i costi di consegna (ad eccezione dei costi supplementari derivanti dalla Sua eventuale scelta di un tipo di consegna diverso dal tipo standard pi\u00f9 economico da noi offerto), tempestivamente e in ogni caso non oltre quattordici giorni dal giorno in cui ci \u00e8 pervenuta la comunicazione della Sua revoca del presente contratto. Per questo rimborso utilizzeremo lo stesso mezzo di pagamento da te impiegato per la transazione originale, salvo che tu non abbia espressamente concordato diversamente; In nessun caso ti verranno addebitate commissioni per questo rimborso.<\/p>\n\n\n\n<p>Potremmo rifiutarci di effettuare il rimborso finch\u00e9 non avremo ricevuto indietro la merce o finch\u00e9 non avrai fornito la prova di aver restituito la merce, a seconda di quale evento si verifichi per primo.<\/p>\n\n\n\n<p>\u00c8 necessario restituirci o consegnarci i beni immediatamente e in ogni caso entro quattordici giorni dal giorno in cui ci \u00e8 stata comunicata la revoca del presente contratto. Il termine \u00e8 rispettato se rispedisci la merce prima della scadenza del periodo di quattordici giorni.<\/p>\n\n\n\n<p>I costi diretti della restituzione dei beni saranno a tuo carico.<\/p>\n\n\n\n<p>****************************************************************************************************<\/p>\n\n\n\n<p><strong>\u00a77 Esempio di email di cancellazione<\/strong><\/p>\n\n\n\n<p>Con la presente revoco il contratto di acquisto dei seguenti beni:&nbsp;&nbsp;<\/p>\n\n\n\n<p class=\"translation-block\">Ordinato il:<br> Nome del consumatore<br> Indirizzo del consumatore<br> A: Email: info@epictube.eu<\/p>\n\n\n\n<p>E-Beige Krzysztof Petz<br>Swidwowiec 58<br>PL-66320 Trzciel \u2013 Polonia<br>Partita IVA n.: DE341177963<br>LUCIDO: DE1523881756145<br>Telefono: +49 151-633-591-47<\/p>","protected":false},"excerpt":{"rendered":"<p>Widerrufsbelehrung f\u00fcr auf Ma\u00df angefertigte Waren Artikel wie Epic TUBE Abdeckungen werden ausschlie\u00dflich auf Anforderung individuell angefertigt.&nbsp; Das Widerrufsrecht ist in diesem Fall nicht gegeben. Mit Produktionsbeginn k\u00f6nnen wir Sie nicht mehr aus dem Vertrag entlassen. M\u00e4ngel an der Ware sind selbstverst\u00e4ndlich nicht Thema des Widerrufsrecht, Sie behalten Ihr Recht auf eine mangelfreie, funktionierende Ware.&hellip;&nbsp;<a href=\"https:\/\/et.rainbowmultimedia.com.pl\/it\/ruckgabebedingungen\/\" rel=\"bookmark\">Read More &raquo;<span class=\"screen-reader-text\">Informativa sulla privacy<\/span><\/a><\/p>","protected":false},"author":1,"featured_media":0,"parent":0,"menu_order":0,"comment_status":"closed","ping_status":"closed","template":"page-templates\/template-polityka.php","meta":{"_acf_changed":false,"neve_meta_sidebar":"","neve_meta_container":"","neve_meta_enable_content_width":"","neve_meta_content_width":0,"neve_meta_title_alignment":"","neve_meta_author_avatar":"","neve_post_elements_order":"","neve_meta_disable_header":"","neve_meta_disable_footer":"","neve_meta_disable_title":"","_themeisle_gutenberg_block_has_review":false,"footnotes":""},"class_list":["post-11","page","type-page","status-publish","hentry"],"acf":[],"yoast_head":"<!-- This site is optimized with the Yoast SEO plugin v27.1.1 - https:\/\/yoast.com\/product\/yoast-seo-wordpress\/ -->\n<title>R\u00fcckgabebedingungen - Epic TUBE - Abdeckungen nach Ma\u00df<\/title>\n<meta name=\"robots\" content=\"index, follow, max-snippet:-1, max-image-preview:large, max-video-preview:-1\" \/>\n<link rel=\"canonical\" href=\"https:\/\/et.rainbowmultimedia.com.pl\/it\/condizioni-di-reso\/\" \/>\n<meta property=\"og:locale\" content=\"it_IT\" \/>\n<meta property=\"og:type\" content=\"article\" \/>\n<meta property=\"og:title\" content=\"R\u00fcckgabebedingungen - Epic TUBE - Abdeckungen nach Ma\u00df\" \/>\n<meta property=\"og:description\" content=\"Widerrufsbelehrung f\u00fcr auf Ma\u00df angefertigte Waren Artikel wie Epic TUBE Abdeckungen werden ausschlie\u00dflich auf Anforderung individuell angefertigt.&nbsp; Das Widerrufsrecht ist in diesem Fall nicht gegeben. Mit Produktionsbeginn k\u00f6nnen wir Sie nicht mehr aus dem Vertrag entlassen. M\u00e4ngel an der Ware sind selbstverst\u00e4ndlich nicht Thema des Widerrufsrecht, Sie behalten Ihr Recht auf eine mangelfreie, funktionierende Ware.&hellip;&nbsp;Read More &raquo;R\u00fcckgabebedingungen\" \/>\n<meta property=\"og:url\" content=\"https:\/\/et.rainbowmultimedia.com.pl\/it\/condizioni-di-reso\/\" \/>\n<meta property=\"og:site_name\" content=\"Epic TUBE - Abdeckungen nach Ma\u00df\" \/>\n<meta property=\"article:modified_time\" content=\"2026-01-28T12:07:09+00:00\" \/>\n<meta name=\"twitter:card\" content=\"summary_large_image\" \/>\n<meta name=\"twitter:label1\" content=\"Est. reading time\" \/>\n\t<meta name=\"twitter:data1\" content=\"3 minuti\" \/>\n<script type=\"application\/ld+json\" class=\"yoast-schema-graph\">{\"@context\":\"https:\/\/schema.org\",\"@graph\":[{\"@type\":\"WebPage\",\"@id\":\"https:\/\/et.rainbowmultimedia.com.pl\/ruckgabebedingungen\/\",\"url\":\"https:\/\/et.rainbowmultimedia.com.pl\/ruckgabebedingungen\/\",\"name\":\"R\u00fcckgabebedingungen - Epic TUBE - Abdeckungen nach Ma\u00df\",\"isPartOf\":{\"@id\":\"https:\/\/et.rainbowmultimedia.com.pl\/#website\"},\"datePublished\":\"2024-11-21T07:33:37+00:00\",\"dateModified\":\"2026-01-28T12:07:09+00:00\",\"breadcrumb\":{\"@id\":\"https:\/\/et.rainbowmultimedia.com.pl\/ruckgabebedingungen\/#breadcrumb\"},\"inLanguage\":\"it-IT\",\"potentialAction\":[{\"@type\":\"ReadAction\",\"target\":[\"https:\/\/et.rainbowmultimedia.com.pl\/ruckgabebedingungen\/\"]}]},{\"@type\":\"BreadcrumbList\",\"@id\":\"https:\/\/et.rainbowmultimedia.com.pl\/ruckgabebedingungen\/#breadcrumb\",\"itemListElement\":[{\"@type\":\"ListItem\",\"position\":1,\"name\":\"Home\",\"item\":\"https:\/\/et.rainbowmultimedia.com.pl\/\"},{\"@type\":\"ListItem\",\"position\":2,\"name\":\"R\u00fcckgabebedingungen\"}]},{\"@type\":\"WebSite\",\"@id\":\"https:\/\/et.rainbowmultimedia.com.pl\/#website\",\"url\":\"https:\/\/et.rainbowmultimedia.com.pl\/\",\"name\":\"Epic Tube\",\"description\":\"Kosteng\u00fcnstige Abdeckungen nach Ma\u00df versandfertig in 3 Tagen\",\"publisher\":{\"@id\":\"https:\/\/et.rainbowmultimedia.com.pl\/#organization\"},\"potentialAction\":[{\"@type\":\"SearchAction\",\"target\":{\"@type\":\"EntryPoint\",\"urlTemplate\":\"https:\/\/et.rainbowmultimedia.com.pl\/?s={search_term_string}\"},\"query-input\":{\"@type\":\"PropertyValueSpecification\",\"valueRequired\":true,\"valueName\":\"search_term_string\"}}],\"inLanguage\":\"it-IT\"},{\"@type\":\"Organization\",\"@id\":\"https:\/\/et.rainbowmultimedia.com.pl\/#organization\",\"name\":\"Epic Tube\",\"url\":\"https:\/\/et.rainbowmultimedia.com.pl\/\",\"logo\":{\"@type\":\"ImageObject\",\"inLanguage\":\"it-IT\",\"@id\":\"https:\/\/et.rainbowmultimedia.com.pl\/#\/schema\/logo\/image\/\",\"url\":\"https:\/\/et.rainbowmultimedia.com.pl\/wp-content\/uploads\/2024\/06\/Logo_EPIC_TUBE_400x400.jpg\",\"contentUrl\":\"https:\/\/et.rainbowmultimedia.com.pl\/wp-content\/uploads\/2024\/06\/Logo_EPIC_TUBE_400x400.jpg\",\"width\":400,\"height\":400,\"caption\":\"Epic Tube\"},\"image\":{\"@id\":\"https:\/\/et.rainbowmultimedia.com.pl\/#\/schema\/logo\/image\/\"}}]}<\/script>\n<!-- \/ Yoast SEO plugin. -->","yoast_head_json":{"title":"Politica di restituzione - Epic TUBE - Copertine personalizzate","robots":{"index":"index","follow":"follow","max-snippet":"max-snippet:-1","max-image-preview":"max-image-preview:large","max-video-preview":"max-video-preview:-1"},"canonical":"https:\/\/et.rainbowmultimedia.com.pl\/it\/condizioni-di-reso\/","og_locale":"it_IT","og_type":"article","og_title":"R\u00fcckgabebedingungen - Epic TUBE - Abdeckungen nach Ma\u00df","og_description":"Widerrufsbelehrung f\u00fcr auf Ma\u00df angefertigte Waren Artikel wie Epic TUBE Abdeckungen werden ausschlie\u00dflich auf Anforderung individuell angefertigt.&nbsp; Das Widerrufsrecht ist in diesem Fall nicht gegeben. Mit Produktionsbeginn k\u00f6nnen wir Sie nicht mehr aus dem Vertrag entlassen. M\u00e4ngel an der Ware sind selbstverst\u00e4ndlich nicht Thema des Widerrufsrecht, Sie behalten Ihr Recht auf eine mangelfreie, funktionierende Ware.&hellip;&nbsp;Read More &raquo;R\u00fcckgabebedingungen","og_url":"https:\/\/et.rainbowmultimedia.com.pl\/it\/condizioni-di-reso\/","og_site_name":"Epic TUBE - Abdeckungen nach Ma\u00df","article_modified_time":"2026-01-28T12:07:09+00:00","twitter_card":"summary_large_image","twitter_misc":{"Est. reading time":"3 minuti"},"schema":{"@context":"https:\/\/schema.org","@graph":[{"@type":"WebPage","@id":"https:\/\/et.rainbowmultimedia.com.pl\/ruckgabebedingungen\/","url":"https:\/\/et.rainbowmultimedia.com.pl\/ruckgabebedingungen\/","name":"Politica di restituzione - Epic TUBE - Copertine personalizzate","isPartOf":{"@id":"https:\/\/et.rainbowmultimedia.com.pl\/#website"},"datePublished":"2024-11-21T07:33:37+00:00","dateModified":"2026-01-28T12:07:09+00:00","breadcrumb":{"@id":"https:\/\/et.rainbowmultimedia.com.pl\/ruckgabebedingungen\/#breadcrumb"},"inLanguage":"it-IT","potentialAction":[{"@type":"ReadAction","target":["https:\/\/et.rainbowmultimedia.com.pl\/ruckgabebedingungen\/"]}]},{"@type":"BreadcrumbList","@id":"https:\/\/et.rainbowmultimedia.com.pl\/ruckgabebedingungen\/#breadcrumb","itemListElement":[{"@type":"ListItem","position":1,"name":"Home","item":"https:\/\/et.rainbowmultimedia.com.pl\/"},{"@type":"ListItem","position":2,"name":"R\u00fcckgabebedingungen"}]},{"@type":"WebSite","@id":"https:\/\/et.rainbowmultimedia.com.pl\/#website","url":"https:\/\/et.rainbowmultimedia.com.pl\/","name":"Tubo epico","description":"Coperture personalizzate a costi contenuti pronte per la spedizione in 3 giorni","publisher":{"@id":"https:\/\/et.rainbowmultimedia.com.pl\/#organization"},"potentialAction":[{"@type":"SearchAction","target":{"@type":"EntryPoint","urlTemplate":"https:\/\/et.rainbowmultimedia.com.pl\/?s={search_term_string}"},"query-input":{"@type":"PropertyValueSpecification","valueRequired":true,"valueName":"search_term_string"}}],"inLanguage":"it-IT"},{"@type":"Organization","@id":"https:\/\/et.rainbowmultimedia.com.pl\/#organization","name":"Tubo epico","url":"https:\/\/et.rainbowmultimedia.com.pl\/","logo":{"@type":"ImageObject","inLanguage":"it-IT","@id":"https:\/\/et.rainbowmultimedia.com.pl\/#\/schema\/logo\/image\/","url":"https:\/\/et.rainbowmultimedia.com.pl\/wp-content\/uploads\/2024\/06\/Logo_EPIC_TUBE_400x400.jpg","contentUrl":"https:\/\/et.rainbowmultimedia.com.pl\/wp-content\/uploads\/2024\/06\/Logo_EPIC_TUBE_400x400.jpg","width":400,"height":400,"caption":"Epic Tube"},"image":{"@id":"https:\/\/et.rainbowmultimedia.com.pl\/#\/schema\/logo\/image\/"}}]}},"_links":{"self":[{"href":"https:\/\/et.rainbowmultimedia.com.pl\/it\/wp-json\/wp\/v2\/pages\/11","targetHints":{"allow":["GET"]}}],"collection":[{"href":"https:\/\/et.rainbowmultimedia.com.pl\/it\/wp-json\/wp\/v2\/pages"}],"about":[{"href":"https:\/\/et.rainbowmultimedia.com.pl\/it\/wp-json\/wp\/v2\/types\/page"}],"author":[{"embeddable":true,"href":"https:\/\/et.rainbowmultimedia.com.pl\/it\/wp-json\/wp\/v2\/users\/1"}],"replies":[{"embeddable":true,"href":"https:\/\/et.rainbowmultimedia.com.pl\/it\/wp-json\/wp\/v2\/comments?post=11"}],"version-history":[{"count":2,"href":"https:\/\/et.rainbowmultimedia.com.pl\/it\/wp-json\/wp\/v2\/pages\/11\/revisions"}],"predecessor-version":[{"id":5090,"href":"https:\/\/et.rainbowmultimedia.com.pl\/it\/wp-json\/wp\/v2\/pages\/11\/revisions\/5090"}],"wp:attachment":[{"href":"https:\/\/et.rainbowmultimedia.com.pl\/it\/wp-json\/wp\/v2\/media?parent=11"}],"curies":[{"name":"wp","href":"https:\/\/api.w.org\/{rel}","templated":true}]}}