{"id":603,"date":"2024-10-17T20:24:06","date_gmt":"2024-10-17T18:24:06","guid":{"rendered":"https:\/\/epictube.eu\/?post_type=product&#038;p=603"},"modified":"2026-02-19T13:11:42","modified_gmt":"2026-02-19T12:11:42","slug":"echantillon-de-tissu-gratuit","status":"publish","type":"product","link":"https:\/\/et.rainbowmultimedia.com.pl\/fr\/produkt\/kostenloses-stoffmuster\/","title":{"rendered":"\u00c9chantillon de tissu gratuit"},"content":{"rendered":"<h2>\u00c9chantillons de tissus gratuits - testez la qualit\u00e9 de nos mat\u00e9riaux haut de gamme<\/h2>\n<p>Constatez par vous-m\u00eame la qualit\u00e9 de nos mat\u00e9riaux EpicTUBE Premium ! Avec l'\u00e9chantillon de tissu gratuit, vous recevez un kit complet de mat\u00e9riaux comprenant six couleurs de tissu ainsi que des accessoires s\u00e9lectionn\u00e9s, utilis\u00e9s dans toutes nos housses de protection sur mesure.<\/p>\n<p>D\u00e9couvrez l'excellente finition, la grande r\u00e9sistance et l'imperm\u00e9abilit\u00e9 100 % de nos tissus - et sentez la qualit\u00e9 avant de commander.<\/p>\n<h2 data-start=\"1010\" data-end=\"1189\">Aper\u00e7u de vos avantages<\/h2>\n<ul>\n<li>Kit d'\u00e9chantillons gratuits : contient six couleurs de tissu et des accessoires.<\/li>\n<li>Mat\u00e9riau EpicTUBE original : identique \u00e0 nos housses de protection sur mesure.<\/li>\n<li>Imperm\u00e9able &amp; robuste : Oxford 600D avec coutures soud\u00e9es et bandes d'\u00e9tanch\u00e9it\u00e9.<\/li>\n<li>Accessoires haut de gamme : fermetures \u00e0 glissi\u00e8re, \u0153illets, cordons et stoppeurs - tous de qualit\u00e9 UE.<\/li>\n<li>100 % livraison gratuite : testez avant d'acheter - sans engagement &amp; gratuitement.<\/li>\n<\/ul>\n<h2>Les mat\u00e9riaux premium en d\u00e9tail<\/h2>\n<p>\ud83c\udf27\ufe0f <strong>Fermetures \u00e0 glissi\u00e8re \u00e9tanches (certifi\u00e9es IPX8)<\/strong><\/p>\n<p>Nos fermetures \u00e0 glissi\u00e8re offrent une protection maximale contre l'eau - parfaites pour les applications en plein air o\u00f9 l'\u00e9tanch\u00e9it\u00e9 absolue est essentielle.<\/p>\n<p>\ud83d\udd29 <strong>Oeillets en acier inoxydable (\u00d8 10 mm)<\/strong><\/p>\n<p>Pour des fixations durables - r\u00e9sistantes \u00e0 la corrosion, stables et id\u00e9ales pour les applications exigeantes en int\u00e9rieur et en ext\u00e9rieur.<\/p>\n<p>\ud83e\uddf5 <strong>Accessoires de haute qualit\u00e9<\/strong><\/p>\n<p>Les boucles, les bouchons et les cordons de serrage sont fabriqu\u00e9s dans l'UE \u00e0 partir de mat\u00e9riaux r\u00e9sistants - pour une durabilit\u00e9 et une fonctionnalit\u00e9 maximales.<\/p>\n<p>\ud83d\udca7 <strong>100 % tissu imperm\u00e9able<\/strong><\/p>\n<p>Le mat\u00e9riau est doublement cousu, imputrescible et dot\u00e9 de bandes d'\u00e9tanch\u00e9it\u00e9 coll\u00e9es \u00e0 chaud - pour une protection totale contre l'humidit\u00e9.<\/p>\n<h2>Pourquoi commander un \u00e9chantillon de tissu gratuit ?<\/h2>\n<p>Gr\u00e2ce \u00e0 l'\u00e9chantillon gratuit, vous pouvez vous rendre compte de la qualit\u00e9 de fabrication, de l'\u00e9paisseur des mat\u00e9riaux et du toucher de nos produits - avant de configurer votre housse de protection sur mesure. Vous prenez ainsi votre d\u00e9cision d'achat en toute s\u00e9curit\u00e9 et en toute connaissance de cause - avec le sentiment d'une v\u00e9ritable qualit\u00e9 premium.<\/p>\n<h2>Commander maintenant gratuitement<\/h2>\n<p>Commandez votre kit d'\u00e9chantillons de tissus EpicTUBE directement en ligne.<br data-start=\"2915\" data-end=\"2918\" \/>100 % gratuit, sans engagement et pr\u00eat \u00e0 \u00eatre exp\u00e9di\u00e9 en 3 jours !<\/p>\n<div id=\"qqxi61v\" style=\"display: none;\"><\/div>","protected":false},"excerpt":{"rendered":"<p>Vous recevez un \u00e9chantillon avec six couleurs de tissu et des extras (comme une fermeture \u00e9clair, un cordon de serrage, etc.), reli\u00e9s par des coutures soud\u00e9es - identiques \u00e0 celles de nos produits Epic TUBE. Voyez par vous-m\u00eame : Nous vous envoyons cet \u00e9chantillon gratuitement.<\/p>\n<div><\/div>\n<div id=\"qqxi61v\" style=\"display: none;\"><\/div>","protected":false},"featured_media":2678,"template":"","meta":{"_acf_changed":false,"neve_meta_sidebar":"","neve_meta_container":"","neve_meta_enable_content_width":"off","neve_meta_content_width":100,"neve_meta_title_alignment":"","neve_meta_author_avatar":"","neve_post_elements_order":"","neve_meta_disable_header":"","neve_meta_disable_footer":"","neve_meta_disable_title":"","_themeisle_gutenberg_block_has_review":false},"product_brand":[],"product_cat":[15],"product_tag":[],"class_list":{"0":"post-603","1":"product","2":"type-product","3":"status-publish","4":"has-post-thumbnail","6":"product_cat-bez-kategorii","7":"wcpa_has_options","9":"first","10":"instock","11":"sold-individually","12":"taxable","13":"shipping-taxable","14":"purchasable","15":"product-type-simple"},"acf":[],"yoast_head":"<!-- This site is optimized with the Yoast SEO plugin v27.1.1 - https:\/\/yoast.com\/product\/yoast-seo-wordpress\/ -->\n<title>Kostenloses Stoffmuster \u2013 testen Sie EpicTUBE Qualit\u00e4t<\/title>\n<meta name=\"description\" content=\"Gratis Stoffmuster mit 6 Farben &amp; Zubeh\u00f6r. Testen Sie wasserdichtes Oxford 600D, Rei\u00dfverschl\u00fcsse &amp; \u00d6sen in Originalqualit\u00e4t. Kostenlos &amp; unverbindlich.\" \/>\n<meta name=\"robots\" content=\"index, follow, max-snippet:-1, max-image-preview:large, max-video-preview:-1\" \/>\n<link rel=\"canonical\" href=\"https:\/\/et.rainbowmultimedia.com.pl\/fr\/produit\/echantillon-de-tissu-gratuit\/\" \/>\n<meta property=\"og:locale\" content=\"fr_FR\" \/>\n<meta property=\"og:type\" content=\"article\" \/>\n<meta property=\"og:title\" content=\"Kostenloses Stoffmuster \u2013 testen Sie EpicTUBE Qualit\u00e4t\" \/>\n<meta property=\"og:description\" content=\"Gratis Stoffmuster mit 6 Farben &amp; Zubeh\u00f6r. Testen Sie wasserdichtes Oxford 600D, Rei\u00dfverschl\u00fcsse &amp; \u00d6sen in Originalqualit\u00e4t. Kostenlos &amp; unverbindlich.\" \/>\n<meta property=\"og:url\" content=\"https:\/\/et.rainbowmultimedia.com.pl\/fr\/produit\/echantillon-de-tissu-gratuit\/\" \/>\n<meta property=\"og:site_name\" content=\"Epic TUBE - Abdeckungen nach Ma\u00df\" \/>\n<meta property=\"article:modified_time\" content=\"2026-02-19T12:11:42+00:00\" \/>\n<meta property=\"og:image\" content=\"https:\/\/et.rainbowmultimedia.com.pl\/wp-content\/uploads\/2024\/10\/ET-Sample-1-1024x1024.jpg\" \/>\n\t<meta property=\"og:image:width\" content=\"2560\" \/>\n\t<meta property=\"og:image:height\" content=\"2560\" \/>\n\t<meta property=\"og:image:type\" content=\"image\/jpeg\" \/>\n<meta name=\"twitter:card\" content=\"summary_large_image\" \/>\n<meta name=\"twitter:label1\" content=\"Dur\u00e9e de lecture estim\u00e9e\" \/>\n\t<meta name=\"twitter:data1\" content=\"2 minutes\" \/>\n<script type=\"application\/ld+json\" class=\"yoast-schema-graph\">{\"@context\":\"https:\/\/schema.org\",\"@graph\":[{\"@type\":\"WebPage\",\"@id\":\"https:\/\/et.rainbowmultimedia.com.pl\/produkt\/kostenloses-stoffmuster\/\",\"url\":\"https:\/\/et.rainbowmultimedia.com.pl\/produkt\/kostenloses-stoffmuster\/\",\"name\":\"Kostenloses Stoffmuster \u2013 testen Sie EpicTUBE Qualit\u00e4t\",\"isPartOf\":{\"@id\":\"https:\/\/et.rainbowmultimedia.com.pl\/#website\"},\"primaryImageOfPage\":{\"@id\":\"https:\/\/et.rainbowmultimedia.com.pl\/produkt\/kostenloses-stoffmuster\/#primaryimage\"},\"image\":{\"@id\":\"https:\/\/et.rainbowmultimedia.com.pl\/produkt\/kostenloses-stoffmuster\/#primaryimage\"},\"thumbnailUrl\":\"https:\/\/et.rainbowmultimedia.com.pl\/wp-content\/uploads\/2024\/10\/ET-Sample-1-1024x1024.jpg\",\"datePublished\":\"2024-10-17T18:24:06+00:00\",\"dateModified\":\"2026-02-19T12:11:42+00:00\",\"description\":\"Gratis Stoffmuster mit 6 Farben & Zubeh\u00f6r. Testen Sie wasserdichtes Oxford 600D, Rei\u00dfverschl\u00fcsse & \u00d6sen in Originalqualit\u00e4t. Kostenlos & unverbindlich.\",\"breadcrumb\":{\"@id\":\"https:\/\/et.rainbowmultimedia.com.pl\/produkt\/kostenloses-stoffmuster\/#breadcrumb\"},\"inLanguage\":\"fr-FR\",\"potentialAction\":[{\"@type\":\"ReadAction\",\"target\":[\"https:\/\/et.rainbowmultimedia.com.pl\/produkt\/kostenloses-stoffmuster\/\"]}]},{\"@type\":\"ImageObject\",\"inLanguage\":\"fr-FR\",\"@id\":\"https:\/\/et.rainbowmultimedia.com.pl\/produkt\/kostenloses-stoffmuster\/#primaryimage\",\"url\":\"https:\/\/et.rainbowmultimedia.com.pl\/wp-content\/uploads\/2024\/10\/ET-Sample-1-1024x1024.jpg\",\"contentUrl\":\"https:\/\/et.rainbowmultimedia.com.pl\/wp-content\/uploads\/2024\/10\/ET-Sample-1-1024x1024.jpg\",\"width\":2560,\"height\":2560},{\"@type\":\"BreadcrumbList\",\"@id\":\"https:\/\/et.rainbowmultimedia.com.pl\/produkt\/kostenloses-stoffmuster\/#breadcrumb\",\"itemListElement\":[{\"@type\":\"ListItem\",\"position\":1,\"name\":\"Home\",\"item\":\"https:\/\/et.rainbowmultimedia.com.pl\/\"},{\"@type\":\"ListItem\",\"position\":2,\"name\":\"Sklep\",\"item\":\"https:\/\/et.rainbowmultimedia.com.pl\/sklep\/\"},{\"@type\":\"ListItem\",\"position\":3,\"name\":\"Kostenloses Stoffmuster\"}]},{\"@type\":\"WebSite\",\"@id\":\"https:\/\/et.rainbowmultimedia.com.pl\/#website\",\"url\":\"https:\/\/et.rainbowmultimedia.com.pl\/\",\"name\":\"Epic Tube\",\"description\":\"Kosteng\u00fcnstige Abdeckungen nach Ma\u00df versandfertig in 3 Tagen\",\"publisher\":{\"@id\":\"https:\/\/et.rainbowmultimedia.com.pl\/#organization\"},\"potentialAction\":[{\"@type\":\"SearchAction\",\"target\":{\"@type\":\"EntryPoint\",\"urlTemplate\":\"https:\/\/et.rainbowmultimedia.com.pl\/?s={search_term_string}\"},\"query-input\":{\"@type\":\"PropertyValueSpecification\",\"valueRequired\":true,\"valueName\":\"search_term_string\"}}],\"inLanguage\":\"fr-FR\"},{\"@type\":\"Organization\",\"@id\":\"https:\/\/et.rainbowmultimedia.com.pl\/#organization\",\"name\":\"Epic Tube\",\"url\":\"https:\/\/et.rainbowmultimedia.com.pl\/\",\"logo\":{\"@type\":\"ImageObject\",\"inLanguage\":\"fr-FR\",\"@id\":\"https:\/\/et.rainbowmultimedia.com.pl\/#\/schema\/logo\/image\/\",\"url\":\"https:\/\/et.rainbowmultimedia.com.pl\/wp-content\/uploads\/2024\/06\/Logo_EPIC_TUBE_400x400.jpg\",\"contentUrl\":\"https:\/\/et.rainbowmultimedia.com.pl\/wp-content\/uploads\/2024\/06\/Logo_EPIC_TUBE_400x400.jpg\",\"width\":400,\"height\":400,\"caption\":\"Epic Tube\"},\"image\":{\"@id\":\"https:\/\/et.rainbowmultimedia.com.pl\/#\/schema\/logo\/image\/\"}}]}<\/script>\n<!-- \/ Yoast SEO plugin. -->","yoast_head_json":{"title":"\u00c9chantillon de tissu gratuit - testez la qualit\u00e9 EpicTUBE","description":"\u00c9chantillon de tissu gratuit avec 6 couleurs &amp; accessoires. Testez l'Oxford 600D imperm\u00e9able, les fermetures \u00e9clair &amp; les \u0153illets en qualit\u00e9 originale. Gratuit &amp; sans engagement.","robots":{"index":"index","follow":"follow","max-snippet":"max-snippet:-1","max-image-preview":"max-image-preview:large","max-video-preview":"max-video-preview:-1"},"canonical":"https:\/\/et.rainbowmultimedia.com.pl\/fr\/produit\/echantillon-de-tissu-gratuit\/","og_locale":"fr_FR","og_type":"article","og_title":"Kostenloses Stoffmuster \u2013 testen Sie EpicTUBE Qualit\u00e4t","og_description":"Gratis Stoffmuster mit 6 Farben & Zubeh\u00f6r. Testen Sie wasserdichtes Oxford 600D, Rei\u00dfverschl\u00fcsse & \u00d6sen in Originalqualit\u00e4t. Kostenlos & unverbindlich.","og_url":"https:\/\/et.rainbowmultimedia.com.pl\/fr\/produit\/echantillon-de-tissu-gratuit\/","og_site_name":"Epic TUBE - Abdeckungen nach Ma\u00df","article_modified_time":"2026-02-19T12:11:42+00:00","og_image":[{"width":2560,"height":2560,"url":"https:\/\/et.rainbowmultimedia.com.pl\/wp-content\/uploads\/2024\/10\/ET-Sample-1-1024x1024.jpg","type":"image\/jpeg"}],"twitter_card":"summary_large_image","twitter_misc":{"Dur\u00e9e de lecture estim\u00e9e":"2 minutes"},"schema":{"@context":"https:\/\/schema.org","@graph":[{"@type":"WebPage","@id":"https:\/\/et.rainbowmultimedia.com.pl\/produkt\/kostenloses-stoffmuster\/","url":"https:\/\/et.rainbowmultimedia.com.pl\/produkt\/kostenloses-stoffmuster\/","name":"\u00c9chantillon de tissu gratuit - testez la qualit\u00e9 EpicTUBE","isPartOf":{"@id":"https:\/\/et.rainbowmultimedia.com.pl\/#website"},"primaryImageOfPage":{"@id":"https:\/\/et.rainbowmultimedia.com.pl\/produkt\/kostenloses-stoffmuster\/#primaryimage"},"image":{"@id":"https:\/\/et.rainbowmultimedia.com.pl\/produkt\/kostenloses-stoffmuster\/#primaryimage"},"thumbnailUrl":"https:\/\/et.rainbowmultimedia.com.pl\/wp-content\/uploads\/2024\/10\/ET-Sample-1-1024x1024.jpg","datePublished":"2024-10-17T18:24:06+00:00","dateModified":"2026-02-19T12:11:42+00:00","description":"\u00c9chantillon de tissu gratuit avec 6 couleurs &amp; accessoires. Testez l'Oxford 600D imperm\u00e9able, les fermetures \u00e9clair &amp; les \u0153illets en qualit\u00e9 originale. Gratuit &amp; sans engagement.","breadcrumb":{"@id":"https:\/\/et.rainbowmultimedia.com.pl\/produkt\/kostenloses-stoffmuster\/#breadcrumb"},"inLanguage":"fr-FR","potentialAction":[{"@type":"ReadAction","target":["https:\/\/et.rainbowmultimedia.com.pl\/produkt\/kostenloses-stoffmuster\/"]}]},{"@type":"ImageObject","inLanguage":"fr-FR","@id":"https:\/\/et.rainbowmultimedia.com.pl\/produkt\/kostenloses-stoffmuster\/#primaryimage","url":"https:\/\/et.rainbowmultimedia.com.pl\/wp-content\/uploads\/2024\/10\/ET-Sample-1-1024x1024.jpg","contentUrl":"https:\/\/et.rainbowmultimedia.com.pl\/wp-content\/uploads\/2024\/10\/ET-Sample-1-1024x1024.jpg","width":2560,"height":2560},{"@type":"BreadcrumbList","@id":"https:\/\/et.rainbowmultimedia.com.pl\/produkt\/kostenloses-stoffmuster\/#breadcrumb","itemListElement":[{"@type":"ListItem","position":1,"name":"Home","item":"https:\/\/et.rainbowmultimedia.com.pl\/"},{"@type":"ListItem","position":2,"name":"Sklep","item":"https:\/\/et.rainbowmultimedia.com.pl\/sklep\/"},{"@type":"ListItem","position":3,"name":"Kostenloses Stoffmuster"}]},{"@type":"WebSite","@id":"https:\/\/et.rainbowmultimedia.com.pl\/#website","url":"https:\/\/et.rainbowmultimedia.com.pl\/","name":"Tube \u00e9pique","description":"Couvertures \u00e9conomiques sur mesure pr\u00eates \u00e0 \u00eatre exp\u00e9di\u00e9es en 3 jours","publisher":{"@id":"https:\/\/et.rainbowmultimedia.com.pl\/#organization"},"potentialAction":[{"@type":"SearchAction","target":{"@type":"EntryPoint","urlTemplate":"https:\/\/et.rainbowmultimedia.com.pl\/?s={search_term_string}"},"query-input":{"@type":"PropertyValueSpecification","valueRequired":true,"valueName":"search_term_string"}}],"inLanguage":"fr-FR"},{"@type":"Organization","@id":"https:\/\/et.rainbowmultimedia.com.pl\/#organization","name":"Tube \u00e9pique","url":"https:\/\/et.rainbowmultimedia.com.pl\/","logo":{"@type":"ImageObject","inLanguage":"fr-FR","@id":"https:\/\/et.rainbowmultimedia.com.pl\/#\/schema\/logo\/image\/","url":"https:\/\/et.rainbowmultimedia.com.pl\/wp-content\/uploads\/2024\/06\/Logo_EPIC_TUBE_400x400.jpg","contentUrl":"https:\/\/et.rainbowmultimedia.com.pl\/wp-content\/uploads\/2024\/06\/Logo_EPIC_TUBE_400x400.jpg","width":400,"height":400,"caption":"Epic Tube"},"image":{"@id":"https:\/\/et.rainbowmultimedia.com.pl\/#\/schema\/logo\/image\/"}}]}},"wcpa_form_fields":{"wcpaData":{"product":{"product_price":0,"price_html":"<span class=\"woocommerce-Price-amount amount\"><bdi><span class=\"woocommerce-Price-currencySymbol\">&euro;<\/span>0,00<\/bdi><\/span>","original_product_price":0,"price_including_tax":0,"price_excluding_tax":0,"product_id":{"parent":603,"variation":false},"is_variable":false,"stock_status":"instock","stock_quantity":null,"parent_sku":"","product_attributes":[],"custom_fields":[],"is_taxable":true,"product_name":"Kostenloses Stoffmuster"},"fields":{"sec_06996f96286801":{"extra":{"key":"sec_06996f96286801","section_id":"sec_06996f96286801","name":"Default","status":1,"cl_rule":"show","enableCl":false,"relations":[],"toggle":true,"title_tag":"h3","show_title":false,"showPrice":"default","form_id":5469,"form_rules":{"exclude_from_discount":false,"fee_label":"Fee","disp_hide_options_price":false,"disp_show_section_price":false,"disp_show_field_price":true,"layout_option":"standard","pric_use_as_fee":false,"process_fee_as":"woo_fee"},"layout_option":"standard"},"fields":[[{"active":true,"col":6,"relations":false,"cl_rule":"show","enableCl":false,"price":"","enablePrice":false,"className":"","label_position":"default","desc_position":"default","type":"select","required":true,"elementId":"select_2264476766","label":"Muster f\u00fcr","name":"select_2264476766","values":[{"label":"Abdeckungen \/ Polster Bez\u00fcge","value":"Abdeckungen \/ Polster Bez\u00fcge","selected":false,"tempId":"aco_303","gt_translate_keys":["label"]},{"label":"Abdeckplanen","value":"Abdeckplanen","selected":false,"tempId":"aco_304","gt_translate_keys":["label"]},{"label":"Transporttaschen","value":"Transporttaschen","selected":false,"tempId":"aco_305","gt_translate_keys":["label"]},{"label":"Fahrrad \/ Motorrad","value":"Fahrrad \/ Motorrad","selected":false,"tempId":"aco_387","gt_translate_keys":["label"]}],"dropdown_type":"basic","error":false,"cartLabel":"Muster","gt_translate_keys":["label"],"price_dependency":false,"cl_dependency":false,"value":""}]]}},"config":{"price_override":"","enable_recaptcha":false,"bind_quantity":false,"quantity_bind_formula":false,"disp_summ_show_option_price":false,"disp_summ_show_product_price":false,"disp_summ_show_total_price":true,"disp_summ_show_fee":false,"disp_summ_show_discount":false,"summary_title":"","options_total_label":"Options Price","total_label":"Gesamt (inkl. MwSt.) + kostenlose Lieferung","options_product_label":"Product Price","fee_label":"Fee","discount_label":"Discount","has_price":true,"has_quantity_formula":false},"mc_unit":1,"tax_rate":1,"tax_rate_real":0,"discount":{"percentage":0,"fixed":0},"design":{"conf":{"LabelPosition":"above","DescPosition":"below","UploadField":"custom_1","QuantityFieldStyle":"default"},"css":{"LeftLabelWidth":"120px"}},"formulas":{"fmla_1718017795240173547":"((0)?(0):(0))"},"clones":false,"cartKey":false}},"_links":{"self":[{"href":"https:\/\/et.rainbowmultimedia.com.pl\/fr\/wp-json\/wp\/v2\/product\/603","targetHints":{"allow":["GET"]}}],"collection":[{"href":"https:\/\/et.rainbowmultimedia.com.pl\/fr\/wp-json\/wp\/v2\/product"}],"about":[{"href":"https:\/\/et.rainbowmultimedia.com.pl\/fr\/wp-json\/wp\/v2\/types\/product"}],"wp:featuredmedia":[{"embeddable":true,"href":"https:\/\/et.rainbowmultimedia.com.pl\/fr\/wp-json\/wp\/v2\/media\/2678"}],"wp:attachment":[{"href":"https:\/\/et.rainbowmultimedia.com.pl\/fr\/wp-json\/wp\/v2\/media?parent=603"}],"wp:term":[{"taxonomy":"product_brand","embeddable":true,"href":"https:\/\/et.rainbowmultimedia.com.pl\/fr\/wp-json\/wp\/v2\/product_brand?post=603"},{"taxonomy":"product_cat","embeddable":true,"href":"https:\/\/et.rainbowmultimedia.com.pl\/fr\/wp-json\/wp\/v2\/product_cat?post=603"},{"taxonomy":"product_tag","embeddable":true,"href":"https:\/\/et.rainbowmultimedia.com.pl\/fr\/wp-json\/wp\/v2\/product_tag?post=603"}],"curies":[{"name":"wp","href":"https:\/\/api.w.org\/{rel}","templated":true}]}}