{"id":11,"date":"2024-11-21T08:33:37","date_gmt":"2024-11-21T07:33:37","guid":{"rendered":"https:\/\/sklepyprestashop.kylos.pl\/epictube\/?page_id=11"},"modified":"2026-01-28T13:07:09","modified_gmt":"2026-01-28T12:07:09","slug":"conditions-de-retour","status":"publish","type":"page","link":"https:\/\/et.rainbowmultimedia.com.pl\/fr\/ruckgabebedingungen\/","title":{"rendered":"Politique de confidentialit\u00e9"},"content":{"rendered":"<p><strong>Politique d'annulation pour les produits sur mesure<\/strong><\/p>\n\n\n\n<p>Les articles tels que les housses Epic TUBE sont fabriqu\u00e9s sur mesure exclusivement sur demande.&nbsp;<\/p>\n\n\n\n<p><strong>Le droit de r\u00e9tractation ne s'applique pas dans ce cas.<\/strong><\/p>\n\n\n\n<p><strong>Une fois la production commenc\u00e9e, nous ne pouvons plus vous lib\u00e9rer du contrat.<\/strong><\/p>\n\n\n\n<p>Les d\u00e9fauts de la marchandise ne font bien entendu pas l'objet du droit de r\u00e9tractation ; vous conservez votre droit \u00e0 une marchandise fonctionnelle et sans d\u00e9faut. Vous avez le droit de r\u00e9silier ce contrat dans un d\u00e9lai de quatorze jours sans donner de motif. Afin d'exercer votre droit de r\u00e9tractation, vous devez nous contacter<\/p>\n\n\n\n<p>E-Beige Krzysztof Petz<br>Swidwowiec 58<br>PL 66320 Trzciel - Pologne<br>Courrier \u00e9lectronique : info@epictube.eu<br>T\u00e9l\u00e9phone: +49 151-633-591-47<\/p>\n\n\n\n<p>vous informer de votre d\u00e9cision de vous retirer de ce contrat au moyen d'une d\u00e9claration claire (par exemple par e-mail \u00e0 : info@epictube.eu). Vous pouvez utiliser le mod\u00e8le de formulaire d\u2019annulation ci-joint, bien que cela ne soit pas obligatoire.<\/p>\n\n\n\n<p>Le droit de r\u00e9tractation est exclu pour les contrats suivants:<\/p>\n\n\n\n<p>Contrats pour la livraison de biens non pr\u00e9fabriqu\u00e9s et pour la fabrication desquels une s\u00e9lection ou une d\u00e9termination individuelle du consommateur est d\u00e9terminante ou qui sont clairement adapt\u00e9s aux besoins personnels du consommateur (par exemple produits sur mesure)<\/p>\n\n\n\n<p><strong>Cons\u00e9quences de la r\u00e9vocation<\/strong><\/p>\n\n\n\n<p>Si vous annulez ce contrat, nous vous rembourserons tous les paiements re\u00e7us de votre part, y compris les frais de livraison (\u00e0 l'exception des frais suppl\u00e9mentaires r\u00e9sultant du choix d'un mode de livraison autre que la livraison standard la moins ch\u00e8re que nous proposons) \u00e0 rembourser imm\u00e9diatement et \u00e0 au plus tard dans les quatorze jours \u00e0 compter du jour o\u00f9 nous avons re\u00e7u notification de votre r\u00e9siliation du pr\u00e9sent contrat. Pour ce remboursement, nous utilisons le m\u00eame mode de paiement que celui que vous avez utilis\u00e9 pour la transaction initiale, \u00e0 moins que quelque chose de diff\u00e9rent n'ait \u00e9t\u00e9 express\u00e9ment convenu avec vous ; en aucun cas des frais ne vous seront factur\u00e9s du fait de ce remboursement.<\/p>\n\n\n\n<p>Nous pouvons refuser le remboursement jusqu'\u00e0 ce que nous ayons re\u00e7u les marchandises ou jusqu'\u00e0 ce que vous ayez fourni la preuve que vous avez renvoy\u00e9 les marchandises, la date la plus proche \u00e9tant retenue.<\/p>\n\n\n\n<p>Vous devez nous retourner ou nous remettre la marchandise imm\u00e9diatement et en tout cas au plus tard quatorze jours \u00e0 compter du jour o\u00f9 vous nous informez de votre r\u00e9siliation du pr\u00e9sent contrat. Le d\u00e9lai est respect\u00e9 si vous envoyez la marchandise avant l'expiration du d\u00e9lai de quatorze jours.<\/p>\n\n\n\n<p>Vous supportez les frais directs de retour de la marchandise.<\/p>\n\n\n\n<p>****************************************************************************************************<\/p>\n\n\n\n<p><strong>\u00a77 Exemple d'e-mail d'annulation<\/strong><\/p>\n\n\n\n<p>Je r\u00e9voque par la pr\u00e9sente le contrat que j'ai conclu pour l'achat des biens suivants:&nbsp;&nbsp;<\/p>\n\n\n\n<p class=\"translation-block\">Command\u00e9 le :<br>Nom du consommateur<br>Adresse du consommateur<br>\u00c0 : Email : info@epictube.eu<\/p>\n\n\n\n<p>E-Beige Krzysztof Petz<br>Swidwowiec 58<br>PL-66320 Trzciel - Pologne<br>Num\u00e9ro de TVA : DE341177963<br>LUCID : DE1523881756145<br>T\u00e9l\u00e9phone: +49 151-633-591-47<\/p>","protected":false},"excerpt":{"rendered":"<p>Widerrufsbelehrung f\u00fcr auf Ma\u00df angefertigte Waren Artikel wie Epic TUBE Abdeckungen werden ausschlie\u00dflich auf Anforderung individuell angefertigt.&nbsp; Das Widerrufsrecht ist in diesem Fall nicht gegeben. Mit Produktionsbeginn k\u00f6nnen wir Sie nicht mehr aus dem Vertrag entlassen. M\u00e4ngel an der Ware sind selbstverst\u00e4ndlich nicht Thema des Widerrufsrecht, Sie behalten Ihr Recht auf eine mangelfreie, funktionierende Ware.&hellip;&nbsp;<a href=\"https:\/\/et.rainbowmultimedia.com.pl\/fr\/ruckgabebedingungen\/\" rel=\"bookmark\">Lire la suite \"<span class=\"screen-reader-text\">Politique de confidentialit\u00e9<\/span><\/a><\/p>","protected":false},"author":1,"featured_media":0,"parent":0,"menu_order":0,"comment_status":"closed","ping_status":"closed","template":"page-templates\/template-polityka.php","meta":{"_acf_changed":false,"neve_meta_sidebar":"","neve_meta_container":"","neve_meta_enable_content_width":"","neve_meta_content_width":0,"neve_meta_title_alignment":"","neve_meta_author_avatar":"","neve_post_elements_order":"","neve_meta_disable_header":"","neve_meta_disable_footer":"","neve_meta_disable_title":"","_themeisle_gutenberg_block_has_review":false,"footnotes":""},"class_list":["post-11","page","type-page","status-publish","hentry"],"acf":[],"yoast_head":"<!-- This site is optimized with the Yoast SEO plugin v27.1.1 - https:\/\/yoast.com\/product\/yoast-seo-wordpress\/ -->\n<title>R\u00fcckgabebedingungen - Epic TUBE - Abdeckungen nach Ma\u00df<\/title>\n<meta name=\"robots\" content=\"index, follow, max-snippet:-1, max-image-preview:large, max-video-preview:-1\" \/>\n<link rel=\"canonical\" href=\"https:\/\/et.rainbowmultimedia.com.pl\/fr\/conditions-de-retour\/\" \/>\n<meta property=\"og:locale\" content=\"fr_FR\" \/>\n<meta property=\"og:type\" content=\"article\" \/>\n<meta property=\"og:title\" content=\"R\u00fcckgabebedingungen - Epic TUBE - Abdeckungen nach Ma\u00df\" \/>\n<meta property=\"og:description\" content=\"Widerrufsbelehrung f\u00fcr auf Ma\u00df angefertigte Waren Artikel wie Epic TUBE Abdeckungen werden ausschlie\u00dflich auf Anforderung individuell angefertigt.&nbsp; Das Widerrufsrecht ist in diesem Fall nicht gegeben. Mit Produktionsbeginn k\u00f6nnen wir Sie nicht mehr aus dem Vertrag entlassen. M\u00e4ngel an der Ware sind selbstverst\u00e4ndlich nicht Thema des Widerrufsrecht, Sie behalten Ihr Recht auf eine mangelfreie, funktionierende Ware.&hellip;&nbsp;Lire la suite &raquo;R\u00fcckgabebedingungen\" \/>\n<meta property=\"og:url\" content=\"https:\/\/et.rainbowmultimedia.com.pl\/fr\/conditions-de-retour\/\" \/>\n<meta property=\"og:site_name\" content=\"Epic TUBE - Abdeckungen nach Ma\u00df\" \/>\n<meta property=\"article:modified_time\" content=\"2026-01-28T12:07:09+00:00\" \/>\n<meta name=\"twitter:card\" content=\"summary_large_image\" \/>\n<meta name=\"twitter:label1\" content=\"Dur\u00e9e de lecture estim\u00e9e\" \/>\n\t<meta name=\"twitter:data1\" content=\"3 minutes\" \/>\n<script type=\"application\/ld+json\" class=\"yoast-schema-graph\">{\"@context\":\"https:\/\/schema.org\",\"@graph\":[{\"@type\":\"WebPage\",\"@id\":\"https:\/\/et.rainbowmultimedia.com.pl\/ruckgabebedingungen\/\",\"url\":\"https:\/\/et.rainbowmultimedia.com.pl\/ruckgabebedingungen\/\",\"name\":\"R\u00fcckgabebedingungen - Epic TUBE - Abdeckungen nach Ma\u00df\",\"isPartOf\":{\"@id\":\"https:\/\/et.rainbowmultimedia.com.pl\/#website\"},\"datePublished\":\"2024-11-21T07:33:37+00:00\",\"dateModified\":\"2026-01-28T12:07:09+00:00\",\"breadcrumb\":{\"@id\":\"https:\/\/et.rainbowmultimedia.com.pl\/ruckgabebedingungen\/#breadcrumb\"},\"inLanguage\":\"fr-FR\",\"potentialAction\":[{\"@type\":\"ReadAction\",\"target\":[\"https:\/\/et.rainbowmultimedia.com.pl\/ruckgabebedingungen\/\"]}]},{\"@type\":\"BreadcrumbList\",\"@id\":\"https:\/\/et.rainbowmultimedia.com.pl\/ruckgabebedingungen\/#breadcrumb\",\"itemListElement\":[{\"@type\":\"ListItem\",\"position\":1,\"name\":\"Home\",\"item\":\"https:\/\/et.rainbowmultimedia.com.pl\/\"},{\"@type\":\"ListItem\",\"position\":2,\"name\":\"R\u00fcckgabebedingungen\"}]},{\"@type\":\"WebSite\",\"@id\":\"https:\/\/et.rainbowmultimedia.com.pl\/#website\",\"url\":\"https:\/\/et.rainbowmultimedia.com.pl\/\",\"name\":\"Epic Tube\",\"description\":\"Kosteng\u00fcnstige Abdeckungen nach Ma\u00df versandfertig in 3 Tagen\",\"publisher\":{\"@id\":\"https:\/\/et.rainbowmultimedia.com.pl\/#organization\"},\"potentialAction\":[{\"@type\":\"SearchAction\",\"target\":{\"@type\":\"EntryPoint\",\"urlTemplate\":\"https:\/\/et.rainbowmultimedia.com.pl\/?s={search_term_string}\"},\"query-input\":{\"@type\":\"PropertyValueSpecification\",\"valueRequired\":true,\"valueName\":\"search_term_string\"}}],\"inLanguage\":\"fr-FR\"},{\"@type\":\"Organization\",\"@id\":\"https:\/\/et.rainbowmultimedia.com.pl\/#organization\",\"name\":\"Epic Tube\",\"url\":\"https:\/\/et.rainbowmultimedia.com.pl\/\",\"logo\":{\"@type\":\"ImageObject\",\"inLanguage\":\"fr-FR\",\"@id\":\"https:\/\/et.rainbowmultimedia.com.pl\/#\/schema\/logo\/image\/\",\"url\":\"https:\/\/et.rainbowmultimedia.com.pl\/wp-content\/uploads\/2024\/06\/Logo_EPIC_TUBE_400x400.jpg\",\"contentUrl\":\"https:\/\/et.rainbowmultimedia.com.pl\/wp-content\/uploads\/2024\/06\/Logo_EPIC_TUBE_400x400.jpg\",\"width\":400,\"height\":400,\"caption\":\"Epic Tube\"},\"image\":{\"@id\":\"https:\/\/et.rainbowmultimedia.com.pl\/#\/schema\/logo\/image\/\"}}]}<\/script>\n<!-- \/ Yoast SEO plugin. -->","yoast_head_json":{"title":"Conditions de retour - Epic TUBE - Couvertures sur mesure","robots":{"index":"index","follow":"follow","max-snippet":"max-snippet:-1","max-image-preview":"max-image-preview:large","max-video-preview":"max-video-preview:-1"},"canonical":"https:\/\/et.rainbowmultimedia.com.pl\/fr\/conditions-de-retour\/","og_locale":"fr_FR","og_type":"article","og_title":"R\u00fcckgabebedingungen - Epic TUBE - Abdeckungen nach Ma\u00df","og_description":"Widerrufsbelehrung f\u00fcr auf Ma\u00df angefertigte Waren Artikel wie Epic TUBE Abdeckungen werden ausschlie\u00dflich auf Anforderung individuell angefertigt.&nbsp; Das Widerrufsrecht ist in diesem Fall nicht gegeben. Mit Produktionsbeginn k\u00f6nnen wir Sie nicht mehr aus dem Vertrag entlassen. M\u00e4ngel an der Ware sind selbstverst\u00e4ndlich nicht Thema des Widerrufsrecht, Sie behalten Ihr Recht auf eine mangelfreie, funktionierende Ware.&hellip;&nbsp;Lire la suite &raquo;R\u00fcckgabebedingungen","og_url":"https:\/\/et.rainbowmultimedia.com.pl\/fr\/conditions-de-retour\/","og_site_name":"Epic TUBE - Abdeckungen nach Ma\u00df","article_modified_time":"2026-01-28T12:07:09+00:00","twitter_card":"summary_large_image","twitter_misc":{"Dur\u00e9e de lecture estim\u00e9e":"3 minutes"},"schema":{"@context":"https:\/\/schema.org","@graph":[{"@type":"WebPage","@id":"https:\/\/et.rainbowmultimedia.com.pl\/ruckgabebedingungen\/","url":"https:\/\/et.rainbowmultimedia.com.pl\/ruckgabebedingungen\/","name":"Conditions de retour - Epic TUBE - Couvertures sur mesure","isPartOf":{"@id":"https:\/\/et.rainbowmultimedia.com.pl\/#website"},"datePublished":"2024-11-21T07:33:37+00:00","dateModified":"2026-01-28T12:07:09+00:00","breadcrumb":{"@id":"https:\/\/et.rainbowmultimedia.com.pl\/ruckgabebedingungen\/#breadcrumb"},"inLanguage":"fr-FR","potentialAction":[{"@type":"ReadAction","target":["https:\/\/et.rainbowmultimedia.com.pl\/ruckgabebedingungen\/"]}]},{"@type":"BreadcrumbList","@id":"https:\/\/et.rainbowmultimedia.com.pl\/ruckgabebedingungen\/#breadcrumb","itemListElement":[{"@type":"ListItem","position":1,"name":"Home","item":"https:\/\/et.rainbowmultimedia.com.pl\/"},{"@type":"ListItem","position":2,"name":"R\u00fcckgabebedingungen"}]},{"@type":"WebSite","@id":"https:\/\/et.rainbowmultimedia.com.pl\/#website","url":"https:\/\/et.rainbowmultimedia.com.pl\/","name":"Tube \u00e9pique","description":"Couvertures \u00e9conomiques sur mesure pr\u00eates \u00e0 \u00eatre exp\u00e9di\u00e9es en 3 jours","publisher":{"@id":"https:\/\/et.rainbowmultimedia.com.pl\/#organization"},"potentialAction":[{"@type":"SearchAction","target":{"@type":"EntryPoint","urlTemplate":"https:\/\/et.rainbowmultimedia.com.pl\/?s={search_term_string}"},"query-input":{"@type":"PropertyValueSpecification","valueRequired":true,"valueName":"search_term_string"}}],"inLanguage":"fr-FR"},{"@type":"Organization","@id":"https:\/\/et.rainbowmultimedia.com.pl\/#organization","name":"Tube \u00e9pique","url":"https:\/\/et.rainbowmultimedia.com.pl\/","logo":{"@type":"ImageObject","inLanguage":"fr-FR","@id":"https:\/\/et.rainbowmultimedia.com.pl\/#\/schema\/logo\/image\/","url":"https:\/\/et.rainbowmultimedia.com.pl\/wp-content\/uploads\/2024\/06\/Logo_EPIC_TUBE_400x400.jpg","contentUrl":"https:\/\/et.rainbowmultimedia.com.pl\/wp-content\/uploads\/2024\/06\/Logo_EPIC_TUBE_400x400.jpg","width":400,"height":400,"caption":"Epic Tube"},"image":{"@id":"https:\/\/et.rainbowmultimedia.com.pl\/#\/schema\/logo\/image\/"}}]}},"_links":{"self":[{"href":"https:\/\/et.rainbowmultimedia.com.pl\/fr\/wp-json\/wp\/v2\/pages\/11","targetHints":{"allow":["GET"]}}],"collection":[{"href":"https:\/\/et.rainbowmultimedia.com.pl\/fr\/wp-json\/wp\/v2\/pages"}],"about":[{"href":"https:\/\/et.rainbowmultimedia.com.pl\/fr\/wp-json\/wp\/v2\/types\/page"}],"author":[{"embeddable":true,"href":"https:\/\/et.rainbowmultimedia.com.pl\/fr\/wp-json\/wp\/v2\/users\/1"}],"replies":[{"embeddable":true,"href":"https:\/\/et.rainbowmultimedia.com.pl\/fr\/wp-json\/wp\/v2\/comments?post=11"}],"version-history":[{"count":2,"href":"https:\/\/et.rainbowmultimedia.com.pl\/fr\/wp-json\/wp\/v2\/pages\/11\/revisions"}],"predecessor-version":[{"id":5090,"href":"https:\/\/et.rainbowmultimedia.com.pl\/fr\/wp-json\/wp\/v2\/pages\/11\/revisions\/5090"}],"wp:attachment":[{"href":"https:\/\/et.rainbowmultimedia.com.pl\/fr\/wp-json\/wp\/v2\/media?parent=11"}],"curies":[{"name":"wp","href":"https:\/\/api.w.org\/{rel}","templated":true}]}}