{"id":2,"date":"2024-06-10T06:38:47","date_gmt":"2024-06-10T06:38:47","guid":{"rendered":"https:\/\/sklepyprestashop.kylos.pl\/epictube\/?page_id=2"},"modified":"2026-01-28T13:22:34","modified_gmt":"2026-01-28T12:22:34","slug":"reglamento-de-la-tienda","status":"publish","type":"page","link":"https:\/\/et.rainbowmultimedia.com.pl\/es\/rechtliches\/","title":{"rendered":"Reglamento de la tienda"},"content":{"rendered":"<p>Condiciones generales de contrataci\u00f3n de la empresa E-Beige Krzysztof Petz<\/p>\n\n\n\n<p><strong>Aplicaci\u00f3n frente a empresarios y definiciones de t\u00e9rminos<\/strong><\/p>\n\n\n\n<p>(1) Las siguientes condiciones generales de contrataci\u00f3n se aplican a todas las entregas entre nosotros y un consumidor en la versi\u00f3n vigente en el momento del pedido.<\/p>\n\n\n\n<p>Se entiende por consumidor a toda persona f\u00edsica que celebra un acto jur\u00eddico con fines que no pueden atribuirse predominantemente ni a su actividad comercial ni a su actividad profesional independiente (seg\u00fan el art\u00edculo 13 del BGB).<\/p>\n\n\n\n<p><strong>\u00a72 Celebraci\u00f3n del contrato y conservaci\u00f3n del texto contractual<\/strong><\/p>\n\n\n\n<p>(1) Las siguientes disposiciones sobre la celebraci\u00f3n del contrato se aplican a los pedidos realizados a trav\u00e9s de nuestra tienda en l\u00ednea: https:\/\/www.epictube.eu.<\/p>\n\n\n\n<p>(2) En caso de celebraci\u00f3n del contrato, este se celebra con<\/p>\n\n\n\n<p><strong>E-beige Krzysztof Petz<\/strong><br><strong>58 a\u00f1os,<\/strong><br><strong>66-320 Trzciel<\/strong><br><strong>Polonia<\/strong><br><strong>IVA UE: PL7431183552<\/strong><\/p>\n\n\n\n<p><strong>surgi\u00f3.<\/strong><\/p>\n\n\n\n<p>(3) La presentaci\u00f3n de los productos en nuestra tienda online no constituye una oferta contractual legalmente vinculante por nuestra parte, sino simplemente una invitaci\u00f3n no vinculante al consumidor para pedir productos. Al pedir el producto deseado, el consumidor realiza una oferta vinculante para concluir un contrato de compra.<\/p>\n\n\n\n<p>(4) Al recibir un pedido en nuestra tienda online, se aplican las siguientes disposiciones: El consumidor presenta una oferta contractual vinculante al completar con \u00e9xito el proceso de pedido proporcionado en nuestra tienda online.<\/p>\n\n\n\n<p>El pedido se realiza en los siguientes pasos:<\/p>\n\n\n\n<p class=\"translation-block\">1) Selecci\u00f3n de los bienes deseados<br> 2) Configuraci\u00f3n individual del producto<br> 3) Confirme haciendo clic en el bot\u00f3n \u201cPedir\u201d<br> 4) Verificar la informaci\u00f3n en el carrito de compra<br> 5) Pulse el bot\u00f3n \u201cPagar\u201d<br> 6) Inicie sesi\u00f3n en la tienda online despu\u00e9s de registrarse e introducir sus datos de acceso (direcci\u00f3n de correo electr\u00f3nico y contrase\u00f1a).<br> 7) Reexamen o correcci\u00f3n de los respectivos datos ingresados.<br> 8) Env\u00edo vinculante del pedido haciendo clic en el bot\u00f3n \u201cpedido con pago\u201d o \u201ccomprar\u201d<\/p>\n\n\n\n<p>Antes de enviar el pedido, el consumidor puede regresar al sitio web en el que est\u00e1n registrados los datos del cliente presionando el bot\u00f3n &quot;Atr\u00e1s&quot; en el navegador de Internet que est\u00e9 utilizando y, despu\u00e9s de verificar sus datos, corregir cualquier error de entrada o cancelar el proceso de pedido cerrando el navegador de Internet. Confirmaremos inmediatamente la recepci\u00f3n de su pedido envi\u00e1ndole un correo electr\u00f3nico generado autom\u00e1ticamente (\u201cconfirmaci\u00f3n del pedido\u201d). Con esto aceptamos su oferta.<\/p>\n\n\n\n<p>(5) Almacenamiento del texto del contrato para pedidos a trav\u00e9s de nuestra tienda online: Guardamos el texto del contrato y le enviamos los datos del pedido y nuestros t\u00e9rminos y condiciones generales por correo electr\u00f3nico. Tambi\u00e9n puede consultar los t\u00e9rminos y condiciones en cualquier momento en https:\/\/epictube.eu\/rechtliches\/. Puede ver sus pedidos anteriores en nuestra \u00e1rea de clientes en Mi cuenta -&gt; Mis pedidos.<\/p>\n\n\n\n<p><strong>\u00a73 Precios, gastos de env\u00edo, pago, plazo de entrega<\/strong><\/p>\n\n\n\n<p>(1) Los precios indicados incluyen el IVA legal y otros componentes del precio. Se a\u00f1adir\u00e1n los gastos de env\u00edo.<\/p>\n\n\n\n<p>(2) El consumidor tiene la posibilidad de pagar mediante PayPal.<\/p>\n\n\n\n<p><strong>\u00a74 Entrega<\/strong><\/p>\n\n\n\n<p>(1) A menos que hayamos indicado claramente lo contrario en la descripci\u00f3n del producto, todos los art\u00edculos ofrecidos por nosotros se producir\u00e1n dentro de 3 d\u00edas. La entrega se realizar\u00e1 en un plazo m\u00e1ximo de 2 d\u00edas laborables. En caso de pago por adelantado, el plazo de producci\u00f3n comienza al d\u00eda siguiente de la orden de pago. Si el plazo cae en s\u00e1bado, domingo o festivo en el lugar de entrega, el plazo finalizar\u00e1 el siguiente d\u00eda laborable.<\/p>\n\n\n\n<p>(2) El riesgo de p\u00e9rdida accidental y de deterioro accidental de la mercanc\u00eda vendida se transmite al comprador \u00fanicamente en el momento de la entrega de la mercanc\u00eda al comprador, incluso en el caso de una venta por env\u00edo.<\/p>\n\n\n\n<p><strong>\u00a75 Reserva de dominio<\/strong><\/p>\n\n\n\n<p>Nos reservamos la propiedad de la mercanc\u00eda hasta que se haya pagado \u00edntegramente el precio de compra.<\/p>\n\n\n\n<p>****************************************************************************************************<\/p>\n\n\n\n<p><strong>\u00a76 Pol\u00edtica de cancelaci\u00f3n de productos hechos a medida<\/strong><\/p>\n\n\n\n<p>Los art\u00edculos como las cubiertas Epic TUBE s\u00f3lo se personalizan bajo pedido.&nbsp;<\/p>\n\n\n\n<p><strong>El derecho de cancelaci\u00f3n no se aplica en este caso.<\/strong><\/p>\n\n\n\n<p><strong>Una vez iniciada la producci\u00f3n, no podremos rescindir el contrato.<\/strong><\/p>\n\n\n\n<p>Por supuesto, los defectos de la mercanc\u00eda no est\u00e1n sujetos al derecho de desistimiento; usted conserva su derecho a un producto sin defectos y que funcione correctamente. Tiene derecho a rescindir el contrato en un plazo de catorce d\u00edas sin necesidad de justificaci\u00f3n. Para ejercer su derecho de desistimiento, debe enviarnos<\/p>\n\n\n\n<p>E-beige Krzysztof Petz<br>Swidwowiec 58<br>PL 66320 Trzciel - Polonia<br>Correo electr\u00f3nico: info@epictube.eu<br>Tel\u00e9fono:+49 151-633-591-47<\/p>\n\n\n\n<p>de su decisi\u00f3n de rescindir el presente contrato mediante una declaraci\u00f3n inequ\u00edvoca (por ejemplo, por correo electr\u00f3nico a: info@epictube.eu). Puede utilizar el modelo de formulario de cancelaci\u00f3n adjunto, pero no es obligatorio.<\/p>\n\n\n\n<p>El derecho de cancelaci\u00f3n queda excluido para los siguientes contratos:<\/p>\n\n\n\n<p>Contratos de suministro de bienes que no sean prefabricados y para cuya fabricaci\u00f3n sea decisiva una selecci\u00f3n o determinaci\u00f3n individual por parte del consumidor o que est\u00e9n claramente adaptados a las necesidades personales del consumidor (por ejemplo, productos a medida).<\/p>\n\n\n\n<p><strong>Consecuencias de la anulaci\u00f3n<\/strong><\/p>\n\n\n\n<p>Si desiste del presente contrato, le reembolsaremos todos los pagos que hayamos recibido de usted, incluidos los gastos de entrega (con excepci\u00f3n de los gastos suplementarios resultantes de la elecci\u00f3n por su parte de un tipo de entrega distinto del tipo menos costoso de entrega ordinaria que ofrezcamos), sin ninguna demora indebida y, en cualquier caso, a m\u00e1s tardar 14 d\u00edas a partir del d\u00eda en que se nos informe de su decisi\u00f3n de desistir del presente contrato. Para este reembolso, utilizaremos el mismo medio de pago que usted utiliz\u00f3 para la transacci\u00f3n original, a menos que se acuerde expresamente otra cosa con usted; en ning\u00fan caso se le cobrar\u00e1n comisiones por este reembolso.<\/p>\n\n\n\n<p>Podremos negarnos a reembolsarle el importe hasta que hayamos recibido los bienes o hasta que usted haya presentado una prueba de que ha devuelto los bienes, seg\u00fan qu\u00e9 condici\u00f3n se cumpla primero.<\/p>\n\n\n\n<p>Debe devolvernos o entregarnos los bienes inmediatamente y, en cualquier caso, en un plazo m\u00e1ximo de catorce d\u00edas a partir del d\u00eda en que nos informe de la rescisi\u00f3n del presente contrato. El plazo se cumple si usted env\u00eda los bienes antes de que haya expirado el plazo de catorce d\u00edas.<\/p>\n\n\n\n<p>Usted corre con los gastos directos de devoluci\u00f3n de la mercanc\u00eda.<\/p>\n\n\n\n<p>****************************************************************************************************<\/p>\n\n\n\n<p><strong>\u00a77 Ejemplo de correo electr\u00f3nico de cancelaci\u00f3n<\/strong><\/p>\n\n\n\n<p>Por la presente rescindo el contrato celebrado por m\u00ed para la compra de los siguientes bienes:&nbsp;&nbsp;<\/p>\n\n\n\n<p class=\"translation-block\">Encargado en:<br>Nombre del consumidor<br>Direcci\u00f3n del consumidor<br>Para : E-mail: info@epictube.eu<\/p>\n\n\n\n<p>E-beige Krzysztof Petz<br>Swidwowiec 58<br>PL-66320 Trzciel - Polonia<br>CIF: DE341177963<br>L\u00daCIDO: DE1523881756145<br>Tel\u00e9fono:+49 151-633-591-47<\/p>\n\n\n\n<p><strong>\u00a78 Garant\u00eda<\/strong><\/p>\n\n\n\n<p>Se aplican las normas legales de garant\u00eda.<\/p>\n\n\n\n<p><strong>\u00a79 Lenguaje del contrato<\/strong><\/p>\n\n\n\n<p>El idioma del contrato ser\u00e1 exclusivamente el alem\u00e1n.<\/p>\n\n\n\n<p>****************************************************************************************************<\/p>\n\n\n\n<p><strong>\u00a710 Servicio al Cliente<\/strong><\/p>\n\n\n\n<p><strong>Nuestro servicio de atenci\u00f3n al cliente para preguntas, quejas y objeciones est\u00e1 disponible de lunes a viernes de 9:00 a 16:00 horas. en<\/strong><\/p>\n\n\n\n<p><strong>Tel\u00e9fono: +49 170 9006260<br>Correo electr\u00f3nico: info@epictube.eu<\/strong><\/p>\n\n\n\n<p><strong>disponible.<\/strong><\/p>\n\n\n\n<p>****************************************************************************************************<\/p>\n\n\n\n<p><strong>Protecci\u00f3n de datos<\/strong><\/p>\n\n\n\n<p>El uso de nuestro sitio web generalmente es posible sin proporcionar ning\u00fan dato personal. Si se recopilan datos personales (como nombre, direcci\u00f3n o direcci\u00f3n de correo electr\u00f3nico) en nuestro sitio web, esto siempre se hace de forma voluntaria en la medida de lo posible. No cederemos sus datos a terceros sin su consentimiento expreso. Tambi\u00e9n nos gustar\u00eda se\u00f1alar que la transmisi\u00f3n de datos a trav\u00e9s de Internet (como la comunicaci\u00f3n por correo electr\u00f3nico) puede estar sujeta a vulnerabilidades de seguridad. Porque no es posible proteger completamente los datos del acceso por parte de terceros. Por la presente, nos oponemos expresamente a la utilizaci\u00f3n de los datos de contacto publicados en el marco de la obligaci\u00f3n de impresi\u00f3n por parte de terceros con el fin de enviar publicidad y material informativo no solicitado. Los operadores de estas p\u00e1ginas se reservan expresamente el derecho de emprender acciones legales en caso de env\u00edo de informaci\u00f3n publicitaria no solicitada, por ejemplo a trav\u00e9s de correos electr\u00f3nicos spam.<\/p>","protected":false},"excerpt":{"rendered":"<p>Allgemeine Gesch\u00e4ftsbedingungen der Firma E-Beige Krzysztof Petz \u00a71 Geltung gegen\u00fcber Unternehmern und Begriffsdefinitionen (1) Die nachfolgenden Allgemeinen Gesch\u00e4ftbedingungen gelten f\u00fcr alle Lieferungen zwischen uns und einem Verbraucher in ihrer zum Zeitpunkt der Bestellung g\u00fcltigen Fassung. Verbraucher ist jede nat\u00fcrliche Person, die ein Rechtsgesch\u00e4ft zu Zwecken abschlie\u00dft, die \u00fcberwiegend weder ihrer gewerblichen noch ihrer selbst\u00e4ndigen beruflichen&hellip;&nbsp;<a href=\"https:\/\/et.rainbowmultimedia.com.pl\/es\/rechtliches\/\" rel=\"bookmark\">Leer M\u00e1s \"<span class=\"screen-reader-text\">Reglamento de la tienda<\/span><\/a><\/p>","protected":false},"author":1,"featured_media":0,"parent":0,"menu_order":0,"comment_status":"closed","ping_status":"open","template":"page-templates\/template-regulamin.php","meta":{"_acf_changed":false,"neve_meta_sidebar":"","neve_meta_container":"","neve_meta_enable_content_width":"","neve_meta_content_width":0,"neve_meta_title_alignment":"","neve_meta_author_avatar":"","neve_post_elements_order":"","neve_meta_disable_header":"","neve_meta_disable_footer":"","neve_meta_disable_title":"","_themeisle_gutenberg_block_has_review":false,"footnotes":""},"class_list":["post-2","page","type-page","status-publish","hentry"],"acf":[],"yoast_head":"<!-- This site is optimized with the Yoast SEO plugin v27.1.1 - https:\/\/yoast.com\/product\/yoast-seo-wordpress\/ -->\n<title>Rechtliches - Epic TUBE - Abdeckungen nach Ma\u00df<\/title>\n<meta name=\"robots\" content=\"index, follow, max-snippet:-1, max-image-preview:large, max-video-preview:-1\" \/>\n<link rel=\"canonical\" href=\"https:\/\/et.rainbowmultimedia.com.pl\/es\/reglamento-de-la-tienda\/\" \/>\n<meta property=\"og:locale\" content=\"es_ES\" \/>\n<meta property=\"og:type\" content=\"article\" \/>\n<meta property=\"og:title\" content=\"Rechtliches - Epic TUBE - Abdeckungen nach Ma\u00df\" \/>\n<meta property=\"og:description\" content=\"Allgemeine Gesch\u00e4ftsbedingungen der Firma E-Beige Krzysztof Petz \u00a71 Geltung gegen\u00fcber Unternehmern und Begriffsdefinitionen (1) Die nachfolgenden Allgemeinen Gesch\u00e4ftbedingungen gelten f\u00fcr alle Lieferungen zwischen uns und einem Verbraucher in ihrer zum Zeitpunkt der Bestellung g\u00fcltigen Fassung. Verbraucher ist jede nat\u00fcrliche Person, die ein Rechtsgesch\u00e4ft zu Zwecken abschlie\u00dft, die \u00fcberwiegend weder ihrer gewerblichen noch ihrer selbst\u00e4ndigen beruflichen&hellip;&nbsp;Read More &raquo;Rechtliches\" \/>\n<meta property=\"og:url\" content=\"https:\/\/et.rainbowmultimedia.com.pl\/es\/reglamento-de-la-tienda\/\" \/>\n<meta property=\"og:site_name\" content=\"Epic TUBE - Abdeckungen nach Ma\u00df\" \/>\n<meta property=\"article:modified_time\" content=\"2026-01-28T12:22:34+00:00\" \/>\n<meta name=\"twitter:card\" content=\"summary_large_image\" \/>\n<meta name=\"twitter:label1\" content=\"Est. reading time\" \/>\n\t<meta name=\"twitter:data1\" content=\"7 minutos\" \/>\n<script type=\"application\/ld+json\" class=\"yoast-schema-graph\">{\"@context\":\"https:\/\/schema.org\",\"@graph\":[{\"@type\":\"WebPage\",\"@id\":\"https:\/\/et.rainbowmultimedia.com.pl\/rechtliches\/\",\"url\":\"https:\/\/et.rainbowmultimedia.com.pl\/rechtliches\/\",\"name\":\"Rechtliches - Epic TUBE - Abdeckungen nach Ma\u00df\",\"isPartOf\":{\"@id\":\"https:\/\/et.rainbowmultimedia.com.pl\/#website\"},\"datePublished\":\"2024-06-10T06:38:47+00:00\",\"dateModified\":\"2026-01-28T12:22:34+00:00\",\"breadcrumb\":{\"@id\":\"https:\/\/et.rainbowmultimedia.com.pl\/rechtliches\/#breadcrumb\"},\"inLanguage\":\"es\",\"potentialAction\":[{\"@type\":\"ReadAction\",\"target\":[\"https:\/\/et.rainbowmultimedia.com.pl\/rechtliches\/\"]}]},{\"@type\":\"BreadcrumbList\",\"@id\":\"https:\/\/et.rainbowmultimedia.com.pl\/rechtliches\/#breadcrumb\",\"itemListElement\":[{\"@type\":\"ListItem\",\"position\":1,\"name\":\"Home\",\"item\":\"https:\/\/et.rainbowmultimedia.com.pl\/\"},{\"@type\":\"ListItem\",\"position\":2,\"name\":\"Rechtliches\"}]},{\"@type\":\"WebSite\",\"@id\":\"https:\/\/et.rainbowmultimedia.com.pl\/#website\",\"url\":\"https:\/\/et.rainbowmultimedia.com.pl\/\",\"name\":\"Epic Tube\",\"description\":\"Kosteng\u00fcnstige Abdeckungen nach Ma\u00df versandfertig in 3 Tagen\",\"publisher\":{\"@id\":\"https:\/\/et.rainbowmultimedia.com.pl\/#organization\"},\"potentialAction\":[{\"@type\":\"SearchAction\",\"target\":{\"@type\":\"EntryPoint\",\"urlTemplate\":\"https:\/\/et.rainbowmultimedia.com.pl\/?s={search_term_string}\"},\"query-input\":{\"@type\":\"PropertyValueSpecification\",\"valueRequired\":true,\"valueName\":\"search_term_string\"}}],\"inLanguage\":\"es\"},{\"@type\":\"Organization\",\"@id\":\"https:\/\/et.rainbowmultimedia.com.pl\/#organization\",\"name\":\"Epic Tube\",\"url\":\"https:\/\/et.rainbowmultimedia.com.pl\/\",\"logo\":{\"@type\":\"ImageObject\",\"inLanguage\":\"es\",\"@id\":\"https:\/\/et.rainbowmultimedia.com.pl\/#\/schema\/logo\/image\/\",\"url\":\"https:\/\/et.rainbowmultimedia.com.pl\/wp-content\/uploads\/2024\/06\/Logo_EPIC_TUBE_400x400.jpg\",\"contentUrl\":\"https:\/\/et.rainbowmultimedia.com.pl\/wp-content\/uploads\/2024\/06\/Logo_EPIC_TUBE_400x400.jpg\",\"width\":400,\"height\":400,\"caption\":\"Epic Tube\"},\"image\":{\"@id\":\"https:\/\/et.rainbowmultimedia.com.pl\/#\/schema\/logo\/image\/\"}}]}<\/script>\n<!-- \/ Yoast SEO plugin. -->","yoast_head_json":{"title":"Aviso legal - Epic TUBE - Cubiertas a medida","robots":{"index":"index","follow":"follow","max-snippet":"max-snippet:-1","max-image-preview":"max-image-preview:large","max-video-preview":"max-video-preview:-1"},"canonical":"https:\/\/et.rainbowmultimedia.com.pl\/es\/reglamento-de-la-tienda\/","og_locale":"es_ES","og_type":"article","og_title":"Rechtliches - Epic TUBE - Abdeckungen nach Ma\u00df","og_description":"Allgemeine Gesch\u00e4ftsbedingungen der Firma E-Beige Krzysztof Petz \u00a71 Geltung gegen\u00fcber Unternehmern und Begriffsdefinitionen (1) Die nachfolgenden Allgemeinen Gesch\u00e4ftbedingungen gelten f\u00fcr alle Lieferungen zwischen uns und einem Verbraucher in ihrer zum Zeitpunkt der Bestellung g\u00fcltigen Fassung. Verbraucher ist jede nat\u00fcrliche Person, die ein Rechtsgesch\u00e4ft zu Zwecken abschlie\u00dft, die \u00fcberwiegend weder ihrer gewerblichen noch ihrer selbst\u00e4ndigen beruflichen&hellip;&nbsp;Read More &raquo;Rechtliches","og_url":"https:\/\/et.rainbowmultimedia.com.pl\/es\/reglamento-de-la-tienda\/","og_site_name":"Epic TUBE - Abdeckungen nach Ma\u00df","article_modified_time":"2026-01-28T12:22:34+00:00","twitter_card":"summary_large_image","twitter_misc":{"Est. reading time":"7 minutos"},"schema":{"@context":"https:\/\/schema.org","@graph":[{"@type":"WebPage","@id":"https:\/\/et.rainbowmultimedia.com.pl\/rechtliches\/","url":"https:\/\/et.rainbowmultimedia.com.pl\/rechtliches\/","name":"Aviso legal - Epic TUBE - Cubiertas a medida","isPartOf":{"@id":"https:\/\/et.rainbowmultimedia.com.pl\/#website"},"datePublished":"2024-06-10T06:38:47+00:00","dateModified":"2026-01-28T12:22:34+00:00","breadcrumb":{"@id":"https:\/\/et.rainbowmultimedia.com.pl\/rechtliches\/#breadcrumb"},"inLanguage":"es","potentialAction":[{"@type":"ReadAction","target":["https:\/\/et.rainbowmultimedia.com.pl\/rechtliches\/"]}]},{"@type":"BreadcrumbList","@id":"https:\/\/et.rainbowmultimedia.com.pl\/rechtliches\/#breadcrumb","itemListElement":[{"@type":"ListItem","position":1,"name":"Home","item":"https:\/\/et.rainbowmultimedia.com.pl\/"},{"@type":"ListItem","position":2,"name":"Rechtliches"}]},{"@type":"WebSite","@id":"https:\/\/et.rainbowmultimedia.com.pl\/#website","url":"https:\/\/et.rainbowmultimedia.com.pl\/","name":"Epic Tube","description":"Fundas personalizadas rentables listas para su env\u00edo en 3 d\u00edas","publisher":{"@id":"https:\/\/et.rainbowmultimedia.com.pl\/#organization"},"potentialAction":[{"@type":"SearchAction","target":{"@type":"EntryPoint","urlTemplate":"https:\/\/et.rainbowmultimedia.com.pl\/?s={search_term_string}"},"query-input":{"@type":"PropertyValueSpecification","valueRequired":true,"valueName":"search_term_string"}}],"inLanguage":"es"},{"@type":"Organization","@id":"https:\/\/et.rainbowmultimedia.com.pl\/#organization","name":"Epic Tube","url":"https:\/\/et.rainbowmultimedia.com.pl\/","logo":{"@type":"ImageObject","inLanguage":"es","@id":"https:\/\/et.rainbowmultimedia.com.pl\/#\/schema\/logo\/image\/","url":"https:\/\/et.rainbowmultimedia.com.pl\/wp-content\/uploads\/2024\/06\/Logo_EPIC_TUBE_400x400.jpg","contentUrl":"https:\/\/et.rainbowmultimedia.com.pl\/wp-content\/uploads\/2024\/06\/Logo_EPIC_TUBE_400x400.jpg","width":400,"height":400,"caption":"Epic Tube"},"image":{"@id":"https:\/\/et.rainbowmultimedia.com.pl\/#\/schema\/logo\/image\/"}}]}},"_links":{"self":[{"href":"https:\/\/et.rainbowmultimedia.com.pl\/es\/wp-json\/wp\/v2\/pages\/2","targetHints":{"allow":["GET"]}}],"collection":[{"href":"https:\/\/et.rainbowmultimedia.com.pl\/es\/wp-json\/wp\/v2\/pages"}],"about":[{"href":"https:\/\/et.rainbowmultimedia.com.pl\/es\/wp-json\/wp\/v2\/types\/page"}],"author":[{"embeddable":true,"href":"https:\/\/et.rainbowmultimedia.com.pl\/es\/wp-json\/wp\/v2\/users\/1"}],"replies":[{"embeddable":true,"href":"https:\/\/et.rainbowmultimedia.com.pl\/es\/wp-json\/wp\/v2\/comments?post=2"}],"version-history":[{"count":11,"href":"https:\/\/et.rainbowmultimedia.com.pl\/es\/wp-json\/wp\/v2\/pages\/2\/revisions"}],"predecessor-version":[{"id":5093,"href":"https:\/\/et.rainbowmultimedia.com.pl\/es\/wp-json\/wp\/v2\/pages\/2\/revisions\/5093"}],"wp:attachment":[{"href":"https:\/\/et.rainbowmultimedia.com.pl\/es\/wp-json\/wp\/v2\/media?parent=2"}],"curies":[{"name":"wp","href":"https:\/\/api.w.org\/{rel}","templated":true}]}}