{"id":11,"date":"2024-11-21T08:33:37","date_gmt":"2024-11-21T07:33:37","guid":{"rendered":"https:\/\/sklepyprestashop.kylos.pl\/epictube\/?page_id=11"},"modified":"2026-01-28T13:07:09","modified_gmt":"2026-01-28T12:07:09","slug":"condiciones-de-devolucion","status":"publish","type":"page","link":"https:\/\/et.rainbowmultimedia.com.pl\/es\/ruckgabebedingungen\/","title":{"rendered":"Pol\u00edtica de privacidad"},"content":{"rendered":"<p><strong>Pol\u00edtica de cancelaci\u00f3n de productos personalizados<\/strong><\/p>\n\n\n\n<p>Los art\u00edculos como las cubiertas Epic TUBE s\u00f3lo se personalizan bajo pedido.&nbsp;<\/p>\n\n\n\n<p><strong>El derecho de cancelaci\u00f3n no se aplica en este caso.<\/strong><\/p>\n\n\n\n<p><strong>Una vez iniciada la producci\u00f3n, no podremos rescindir el contrato.<\/strong><\/p>\n\n\n\n<p>Por supuesto, los defectos de la mercanc\u00eda no est\u00e1n sujetos al derecho de desistimiento; usted conserva su derecho a un producto sin defectos y que funcione correctamente. Tiene derecho a rescindir el contrato en un plazo de catorce d\u00edas sin necesidad de justificaci\u00f3n. Para ejercer su derecho de desistimiento, debe enviarnos<\/p>\n\n\n\n<p>E-beige Krzysztof Petz<br>Swidwowiec 58<br>PL 66320 Trzciel - Polonia<br>Correo electr\u00f3nico: info@epictube.eu<br>Tel\u00e9fono:+49 151-633-591-47<\/p>\n\n\n\n<p>de su decisi\u00f3n de rescindir el presente contrato mediante una declaraci\u00f3n inequ\u00edvoca (por ejemplo, por correo electr\u00f3nico a: info@epictube.eu). Puede utilizar el modelo de formulario de cancelaci\u00f3n adjunto, pero no es obligatorio.<\/p>\n\n\n\n<p>El derecho de cancelaci\u00f3n queda excluido para los siguientes contratos:<\/p>\n\n\n\n<p>Contratos de suministro de bienes que no sean prefabricados y para cuya fabricaci\u00f3n sea decisiva una selecci\u00f3n o determinaci\u00f3n individual por parte del consumidor o que est\u00e9n claramente adaptados a las necesidades personales del consumidor (por ejemplo, productos a medida).<\/p>\n\n\n\n<p><strong>Consecuencias de la anulaci\u00f3n<\/strong><\/p>\n\n\n\n<p>Si desiste del presente contrato, le reembolsaremos todos los pagos que hayamos recibido de usted, incluidos los gastos de entrega (con excepci\u00f3n de los gastos suplementarios resultantes de la elecci\u00f3n por su parte de un tipo de entrega distinto del tipo menos costoso de entrega ordinaria que ofrezcamos), sin ninguna demora indebida y, en cualquier caso, a m\u00e1s tardar 14 d\u00edas a partir del d\u00eda en que se nos informe de su decisi\u00f3n de desistir del presente contrato. Para este reembolso, utilizaremos el mismo medio de pago que usted utiliz\u00f3 para la transacci\u00f3n original, a menos que se acuerde expresamente otra cosa con usted; en ning\u00fan caso se le cobrar\u00e1n comisiones por este reembolso.<\/p>\n\n\n\n<p>Podremos negarnos a reembolsarle el importe hasta que hayamos recibido los bienes o hasta que usted haya presentado una prueba de que ha devuelto los bienes, seg\u00fan qu\u00e9 condici\u00f3n se cumpla primero.<\/p>\n\n\n\n<p>Debe devolvernos o entregarnos los bienes inmediatamente y, en cualquier caso, en un plazo m\u00e1ximo de catorce d\u00edas a partir del d\u00eda en que nos informe de la rescisi\u00f3n del presente contrato. El plazo se cumple si usted env\u00eda los bienes antes de que haya expirado el plazo de catorce d\u00edas.<\/p>\n\n\n\n<p>Usted corre con los gastos directos de devoluci\u00f3n de la mercanc\u00eda.<\/p>\n\n\n\n<p>****************************************************************************************************<\/p>\n\n\n\n<p><strong>\u00a77 Ejemplo de correo electr\u00f3nico de cancelaci\u00f3n<\/strong><\/p>\n\n\n\n<p>Por la presente rescindo el contrato celebrado por m\u00ed para la compra de los siguientes bienes:&nbsp;&nbsp;<\/p>\n\n\n\n<p class=\"translation-block\">Encargado en:<br>Nombre del consumidor<br>Direcci\u00f3n del consumidor<br>Para : E-mail: info@epictube.eu<\/p>\n\n\n\n<p>E-beige Krzysztof Petz<br>Swidwowiec 58<br>PL-66320 Trzciel - Polonia<br>CIF: DE341177963<br>L\u00daCIDO: DE1523881756145<br>Tel\u00e9fono:+49 151-633-591-47<\/p>","protected":false},"excerpt":{"rendered":"<p>Widerrufsbelehrung f\u00fcr auf Ma\u00df angefertigte Waren Artikel wie Epic TUBE Abdeckungen werden ausschlie\u00dflich auf Anforderung individuell angefertigt.&nbsp; Das Widerrufsrecht ist in diesem Fall nicht gegeben. Mit Produktionsbeginn k\u00f6nnen wir Sie nicht mehr aus dem Vertrag entlassen. M\u00e4ngel an der Ware sind selbstverst\u00e4ndlich nicht Thema des Widerrufsrecht, Sie behalten Ihr Recht auf eine mangelfreie, funktionierende Ware.&hellip;&nbsp;<a href=\"https:\/\/et.rainbowmultimedia.com.pl\/es\/ruckgabebedingungen\/\" rel=\"bookmark\">Leer M\u00e1s \"<span class=\"screen-reader-text\">Pol\u00edtica de privacidad<\/span><\/a><\/p>","protected":false},"author":1,"featured_media":0,"parent":0,"menu_order":0,"comment_status":"closed","ping_status":"closed","template":"page-templates\/template-polityka.php","meta":{"_acf_changed":false,"neve_meta_sidebar":"","neve_meta_container":"","neve_meta_enable_content_width":"","neve_meta_content_width":0,"neve_meta_title_alignment":"","neve_meta_author_avatar":"","neve_post_elements_order":"","neve_meta_disable_header":"","neve_meta_disable_footer":"","neve_meta_disable_title":"","_themeisle_gutenberg_block_has_review":false,"footnotes":""},"class_list":["post-11","page","type-page","status-publish","hentry"],"acf":[],"yoast_head":"<!-- This site is optimized with the Yoast SEO plugin v27.1.1 - https:\/\/yoast.com\/product\/yoast-seo-wordpress\/ -->\n<title>R\u00fcckgabebedingungen - Epic TUBE - Abdeckungen nach Ma\u00df<\/title>\n<meta name=\"robots\" content=\"index, follow, max-snippet:-1, max-image-preview:large, max-video-preview:-1\" \/>\n<link rel=\"canonical\" href=\"https:\/\/et.rainbowmultimedia.com.pl\/es\/condiciones-de-devolucion\/\" \/>\n<meta property=\"og:locale\" content=\"es_ES\" \/>\n<meta property=\"og:type\" content=\"article\" \/>\n<meta property=\"og:title\" content=\"R\u00fcckgabebedingungen - Epic TUBE - Abdeckungen nach Ma\u00df\" \/>\n<meta property=\"og:description\" content=\"Widerrufsbelehrung f\u00fcr auf Ma\u00df angefertigte Waren Artikel wie Epic TUBE Abdeckungen werden ausschlie\u00dflich auf Anforderung individuell angefertigt.&nbsp; Das Widerrufsrecht ist in diesem Fall nicht gegeben. Mit Produktionsbeginn k\u00f6nnen wir Sie nicht mehr aus dem Vertrag entlassen. M\u00e4ngel an der Ware sind selbstverst\u00e4ndlich nicht Thema des Widerrufsrecht, Sie behalten Ihr Recht auf eine mangelfreie, funktionierende Ware.&hellip;&nbsp;Read More &raquo;R\u00fcckgabebedingungen\" \/>\n<meta property=\"og:url\" content=\"https:\/\/et.rainbowmultimedia.com.pl\/es\/condiciones-de-devolucion\/\" \/>\n<meta property=\"og:site_name\" content=\"Epic TUBE - Abdeckungen nach Ma\u00df\" \/>\n<meta property=\"article:modified_time\" content=\"2026-01-28T12:07:09+00:00\" \/>\n<meta name=\"twitter:card\" content=\"summary_large_image\" \/>\n<meta name=\"twitter:label1\" content=\"Est. reading time\" \/>\n\t<meta name=\"twitter:data1\" content=\"3 minutos\" \/>\n<script type=\"application\/ld+json\" class=\"yoast-schema-graph\">{\"@context\":\"https:\/\/schema.org\",\"@graph\":[{\"@type\":\"WebPage\",\"@id\":\"https:\/\/et.rainbowmultimedia.com.pl\/ruckgabebedingungen\/\",\"url\":\"https:\/\/et.rainbowmultimedia.com.pl\/ruckgabebedingungen\/\",\"name\":\"R\u00fcckgabebedingungen - Epic TUBE - Abdeckungen nach Ma\u00df\",\"isPartOf\":{\"@id\":\"https:\/\/et.rainbowmultimedia.com.pl\/#website\"},\"datePublished\":\"2024-11-21T07:33:37+00:00\",\"dateModified\":\"2026-01-28T12:07:09+00:00\",\"breadcrumb\":{\"@id\":\"https:\/\/et.rainbowmultimedia.com.pl\/ruckgabebedingungen\/#breadcrumb\"},\"inLanguage\":\"es\",\"potentialAction\":[{\"@type\":\"ReadAction\",\"target\":[\"https:\/\/et.rainbowmultimedia.com.pl\/ruckgabebedingungen\/\"]}]},{\"@type\":\"BreadcrumbList\",\"@id\":\"https:\/\/et.rainbowmultimedia.com.pl\/ruckgabebedingungen\/#breadcrumb\",\"itemListElement\":[{\"@type\":\"ListItem\",\"position\":1,\"name\":\"Home\",\"item\":\"https:\/\/et.rainbowmultimedia.com.pl\/\"},{\"@type\":\"ListItem\",\"position\":2,\"name\":\"R\u00fcckgabebedingungen\"}]},{\"@type\":\"WebSite\",\"@id\":\"https:\/\/et.rainbowmultimedia.com.pl\/#website\",\"url\":\"https:\/\/et.rainbowmultimedia.com.pl\/\",\"name\":\"Epic Tube\",\"description\":\"Kosteng\u00fcnstige Abdeckungen nach Ma\u00df versandfertig in 3 Tagen\",\"publisher\":{\"@id\":\"https:\/\/et.rainbowmultimedia.com.pl\/#organization\"},\"potentialAction\":[{\"@type\":\"SearchAction\",\"target\":{\"@type\":\"EntryPoint\",\"urlTemplate\":\"https:\/\/et.rainbowmultimedia.com.pl\/?s={search_term_string}\"},\"query-input\":{\"@type\":\"PropertyValueSpecification\",\"valueRequired\":true,\"valueName\":\"search_term_string\"}}],\"inLanguage\":\"es\"},{\"@type\":\"Organization\",\"@id\":\"https:\/\/et.rainbowmultimedia.com.pl\/#organization\",\"name\":\"Epic Tube\",\"url\":\"https:\/\/et.rainbowmultimedia.com.pl\/\",\"logo\":{\"@type\":\"ImageObject\",\"inLanguage\":\"es\",\"@id\":\"https:\/\/et.rainbowmultimedia.com.pl\/#\/schema\/logo\/image\/\",\"url\":\"https:\/\/et.rainbowmultimedia.com.pl\/wp-content\/uploads\/2024\/06\/Logo_EPIC_TUBE_400x400.jpg\",\"contentUrl\":\"https:\/\/et.rainbowmultimedia.com.pl\/wp-content\/uploads\/2024\/06\/Logo_EPIC_TUBE_400x400.jpg\",\"width\":400,\"height\":400,\"caption\":\"Epic Tube\"},\"image\":{\"@id\":\"https:\/\/et.rainbowmultimedia.com.pl\/#\/schema\/logo\/image\/\"}}]}<\/script>\n<!-- \/ Yoast SEO plugin. -->","yoast_head_json":{"title":"Pol\u00edtica de devoluciones - Epic TUBE - Fundas personalizadas","robots":{"index":"index","follow":"follow","max-snippet":"max-snippet:-1","max-image-preview":"max-image-preview:large","max-video-preview":"max-video-preview:-1"},"canonical":"https:\/\/et.rainbowmultimedia.com.pl\/es\/condiciones-de-devolucion\/","og_locale":"es_ES","og_type":"article","og_title":"R\u00fcckgabebedingungen - Epic TUBE - Abdeckungen nach Ma\u00df","og_description":"Widerrufsbelehrung f\u00fcr auf Ma\u00df angefertigte Waren Artikel wie Epic TUBE Abdeckungen werden ausschlie\u00dflich auf Anforderung individuell angefertigt.&nbsp; Das Widerrufsrecht ist in diesem Fall nicht gegeben. Mit Produktionsbeginn k\u00f6nnen wir Sie nicht mehr aus dem Vertrag entlassen. M\u00e4ngel an der Ware sind selbstverst\u00e4ndlich nicht Thema des Widerrufsrecht, Sie behalten Ihr Recht auf eine mangelfreie, funktionierende Ware.&hellip;&nbsp;Read More &raquo;R\u00fcckgabebedingungen","og_url":"https:\/\/et.rainbowmultimedia.com.pl\/es\/condiciones-de-devolucion\/","og_site_name":"Epic TUBE - Abdeckungen nach Ma\u00df","article_modified_time":"2026-01-28T12:07:09+00:00","twitter_card":"summary_large_image","twitter_misc":{"Est. reading time":"3 minutos"},"schema":{"@context":"https:\/\/schema.org","@graph":[{"@type":"WebPage","@id":"https:\/\/et.rainbowmultimedia.com.pl\/ruckgabebedingungen\/","url":"https:\/\/et.rainbowmultimedia.com.pl\/ruckgabebedingungen\/","name":"Pol\u00edtica de devoluciones - Epic TUBE - Fundas personalizadas","isPartOf":{"@id":"https:\/\/et.rainbowmultimedia.com.pl\/#website"},"datePublished":"2024-11-21T07:33:37+00:00","dateModified":"2026-01-28T12:07:09+00:00","breadcrumb":{"@id":"https:\/\/et.rainbowmultimedia.com.pl\/ruckgabebedingungen\/#breadcrumb"},"inLanguage":"es","potentialAction":[{"@type":"ReadAction","target":["https:\/\/et.rainbowmultimedia.com.pl\/ruckgabebedingungen\/"]}]},{"@type":"BreadcrumbList","@id":"https:\/\/et.rainbowmultimedia.com.pl\/ruckgabebedingungen\/#breadcrumb","itemListElement":[{"@type":"ListItem","position":1,"name":"Home","item":"https:\/\/et.rainbowmultimedia.com.pl\/"},{"@type":"ListItem","position":2,"name":"R\u00fcckgabebedingungen"}]},{"@type":"WebSite","@id":"https:\/\/et.rainbowmultimedia.com.pl\/#website","url":"https:\/\/et.rainbowmultimedia.com.pl\/","name":"Epic Tube","description":"Fundas personalizadas rentables listas para su env\u00edo en 3 d\u00edas","publisher":{"@id":"https:\/\/et.rainbowmultimedia.com.pl\/#organization"},"potentialAction":[{"@type":"SearchAction","target":{"@type":"EntryPoint","urlTemplate":"https:\/\/et.rainbowmultimedia.com.pl\/?s={search_term_string}"},"query-input":{"@type":"PropertyValueSpecification","valueRequired":true,"valueName":"search_term_string"}}],"inLanguage":"es"},{"@type":"Organization","@id":"https:\/\/et.rainbowmultimedia.com.pl\/#organization","name":"Epic Tube","url":"https:\/\/et.rainbowmultimedia.com.pl\/","logo":{"@type":"ImageObject","inLanguage":"es","@id":"https:\/\/et.rainbowmultimedia.com.pl\/#\/schema\/logo\/image\/","url":"https:\/\/et.rainbowmultimedia.com.pl\/wp-content\/uploads\/2024\/06\/Logo_EPIC_TUBE_400x400.jpg","contentUrl":"https:\/\/et.rainbowmultimedia.com.pl\/wp-content\/uploads\/2024\/06\/Logo_EPIC_TUBE_400x400.jpg","width":400,"height":400,"caption":"Epic Tube"},"image":{"@id":"https:\/\/et.rainbowmultimedia.com.pl\/#\/schema\/logo\/image\/"}}]}},"_links":{"self":[{"href":"https:\/\/et.rainbowmultimedia.com.pl\/es\/wp-json\/wp\/v2\/pages\/11","targetHints":{"allow":["GET"]}}],"collection":[{"href":"https:\/\/et.rainbowmultimedia.com.pl\/es\/wp-json\/wp\/v2\/pages"}],"about":[{"href":"https:\/\/et.rainbowmultimedia.com.pl\/es\/wp-json\/wp\/v2\/types\/page"}],"author":[{"embeddable":true,"href":"https:\/\/et.rainbowmultimedia.com.pl\/es\/wp-json\/wp\/v2\/users\/1"}],"replies":[{"embeddable":true,"href":"https:\/\/et.rainbowmultimedia.com.pl\/es\/wp-json\/wp\/v2\/comments?post=11"}],"version-history":[{"count":2,"href":"https:\/\/et.rainbowmultimedia.com.pl\/es\/wp-json\/wp\/v2\/pages\/11\/revisions"}],"predecessor-version":[{"id":5090,"href":"https:\/\/et.rainbowmultimedia.com.pl\/es\/wp-json\/wp\/v2\/pages\/11\/revisions\/5090"}],"wp:attachment":[{"href":"https:\/\/et.rainbowmultimedia.com.pl\/es\/wp-json\/wp\/v2\/media?parent=11"}],"curies":[{"name":"wp","href":"https:\/\/api.w.org\/{rel}","templated":true}]}}