{"id":4101,"date":"2025-11-06T13:26:37","date_gmt":"2025-11-06T12:26:37","guid":{"rendered":"https:\/\/epictube.eu\/?post_type=product&#038;p=4101"},"modified":"2026-02-09T22:18:46","modified_gmt":"2026-02-09T21:18:46","slug":"semi-circular-upholstery-cover-made-to-measure","status":"publish","type":"product","link":"https:\/\/et.rainbowmultimedia.com.pl\/en\/produkt\/polsterbezug-halbrund-nach-mass\/","title":{"rendered":"Semi-circular upholstery cover made to measure"},"content":{"rendered":"<h2>Semi-circular cushion cover made to measure - outdoor cushion cover (weatherproof &amp; waterproof zip)<\/h2>\n<p>Is your garden furniture still sturdy, but the cushions look tired, faded or stained? Don't throw away your comfortable foam cores! With our made-to-measure semi-circular cushion cover, you can give your seating landscape, rattan armchair or garden bench a fresh, modern look in no time at all - in premium quality. This cover is specially designed for semi-circular shapes (D-shape), which are often found in high-quality lounge furniture or as headrests.<\/p>\n<h2>Why it's more than just a fabric<\/h2>\n<p>Cheap covers let water through the seams and the zip. The result: the foam inside becomes saturated and mouldy. We put an end to this.<\/p>\n<ul>\n<li>The \u201eweak point\u201c has been eliminated: We use a special, waterproof zip. This protects your upholstery all round - even at the opening.<\/li>\n<li>High-tech textile: The tried-and-tested Oxford 600D fabric is extremely abrasion-resistant, dirt-repellent and UV-stable. Ideal for tough outdoor use, but also elegant enough for the conservatory thanks to its beautiful texture.<\/li>\n<li>Perfect fit: No more bulky \u201ebags\u201c. Thanks to the customised design, the cover sits tightly and crease-free on your foam core.<\/li>\n<\/ul>\n<h3>Important notes on ordering (please read!)<\/h3>\n<ol>\n<li>Scope of delivery: You are purchasing a high-quality cushion cover (cover). A filling or foam core is not included in the scope of delivery. Simply continue to use your existing cushions!<\/li>\n<li>Made to measure &amp; tolerance: We manufacture exactly to the dimensions you enter in the configurator (finished size); for technical production reasons (manual work), there may be minimal deviations of +\/- 1 cm.<\/li>\n<\/ol>\n<h2>How to configure correctly<\/h2>\n<p>So that your new cover fits like a glove:<\/p>\n<ol>\n<li>Ideally, measure the foam core (the filling), not the old, worn-out cover.<\/li>\n<li>Make sure that you need a semi-circular shape (straight back, curved front).<\/li>\n<li>Choose from our wide range of UV-stable colours to match your ambience.<\/li>\n<\/ol>\n<h2>Clever upgrading instead of buying new - your benefits:<\/h2>\n<ul>\n<li>100% Outdoor suitability: Water-repellent fabric + special waterproof zip.<\/li>\n<li>Sustainable &amp; affordable: save resources by only replacing the cover and continuing to use your upholstery cores<\/li>\n<li>Made in the EU: short delivery routes, fair production and tested quality.<\/li>\n<\/ul>","protected":false},"excerpt":{"rendered":"<p id=\"title\" class=\"a-size-large a-spacing-none\"><span id=\"productTitle\" class=\"a-size-large product-title-word-break\">Epic Tube - Half-round cushion cover made to measure (Oxford 600D) - weatherproof, with waterproof zip - cushion cover for seat cushions, armchair cushions &amp; chair cushions indoor &amp; outdoor - Made in EU<\/span><\/p>\n<div id=\"qqxi61v\" style=\"display: none;\"><\/div>","protected":false},"featured_media":4632,"template":"","meta":{"_acf_changed":false,"neve_meta_sidebar":"","neve_meta_container":"","neve_meta_enable_content_width":"off","neve_meta_content_width":100,"neve_meta_title_alignment":"","neve_meta_author_avatar":"","neve_post_elements_order":"","neve_meta_disable_header":"","neve_meta_disable_footer":"","neve_meta_disable_title":"","_themeisle_gutenberg_block_has_review":false},"product_brand":[],"product_cat":[59,30],"product_tag":[],"class_list":{"0":"post-4101","1":"product","2":"type-product","3":"status-publish","4":"has-post-thumbnail","6":"product_cat-polster-bezuege","7":"product_cat-produkte","8":"wcpa_has_options","10":"first","11":"instock","12":"taxable","13":"shipping-taxable","14":"purchasable","15":"product-type-simple"},"acf":[],"yoast_head":"<!-- This site is optimized with the Yoast SEO plugin v27.1.1 - https:\/\/yoast.com\/product\/yoast-seo-wordpress\/ -->\n<title>Polsterbezug halbrund nach Ma\u00df | Wasserdicht &amp; Robust<\/title>\n<meta name=\"description\" content=\"Ma\u00dfgeschneiderter Kissenbezug halbrund (ohne F\u00fcllung). Wetterfestes Oxford 600D &amp; wasserdichter Rei\u00dfverschluss. Perfekt f\u00fcr Rattan-M\u00f6bel. Made in EU.\" \/>\n<meta name=\"robots\" content=\"index, follow, max-snippet:-1, max-image-preview:large, max-video-preview:-1\" \/>\n<link rel=\"canonical\" href=\"https:\/\/et.rainbowmultimedia.com.pl\/en\/product-2\/semi-circular-upholstery-cover-made-to-measure\/\" \/>\n<meta property=\"og:locale\" content=\"en_GB\" \/>\n<meta property=\"og:type\" content=\"article\" \/>\n<meta property=\"og:title\" content=\"Polsterbezug halbrund nach Ma\u00df | Wasserdicht &amp; Robust\" \/>\n<meta property=\"og:description\" content=\"Ma\u00dfgeschneiderter Kissenbezug halbrund (ohne F\u00fcllung). Wetterfestes Oxford 600D &amp; wasserdichter Rei\u00dfverschluss. Perfekt f\u00fcr Rattan-M\u00f6bel. Made in EU.\" \/>\n<meta property=\"og:url\" content=\"https:\/\/et.rainbowmultimedia.com.pl\/en\/product-2\/semi-circular-upholstery-cover-made-to-measure\/\" \/>\n<meta property=\"og:site_name\" content=\"Epic TUBE - Abdeckungen nach Ma\u00df\" \/>\n<meta property=\"article:modified_time\" content=\"2026-02-09T21:18:46+00:00\" \/>\n<meta property=\"og:image\" content=\"https:\/\/et.rainbowmultimedia.com.pl\/wp-content\/uploads\/2025\/11\/EpicTUBE-Cushion-Semicircle.jpg\" \/>\n\t<meta property=\"og:image:width\" content=\"1024\" \/>\n\t<meta property=\"og:image:height\" content=\"1024\" \/>\n\t<meta property=\"og:image:type\" content=\"image\/jpeg\" \/>\n<meta name=\"twitter:card\" content=\"summary_large_image\" \/>\n<meta name=\"twitter:label1\" content=\"Est. reading time\" \/>\n\t<meta name=\"twitter:data1\" content=\"2 minutes\" \/>\n<script type=\"application\/ld+json\" class=\"yoast-schema-graph\">{\"@context\":\"https:\/\/schema.org\",\"@graph\":[{\"@type\":\"WebPage\",\"@id\":\"https:\/\/et.rainbowmultimedia.com.pl\/produkt\/polsterbezug-halbrund-nach-mass\/\",\"url\":\"https:\/\/et.rainbowmultimedia.com.pl\/produkt\/polsterbezug-halbrund-nach-mass\/\",\"name\":\"Polsterbezug halbrund nach Ma\u00df | Wasserdicht & Robust\",\"isPartOf\":{\"@id\":\"https:\/\/et.rainbowmultimedia.com.pl\/#website\"},\"primaryImageOfPage\":{\"@id\":\"https:\/\/et.rainbowmultimedia.com.pl\/produkt\/polsterbezug-halbrund-nach-mass\/#primaryimage\"},\"image\":{\"@id\":\"https:\/\/et.rainbowmultimedia.com.pl\/produkt\/polsterbezug-halbrund-nach-mass\/#primaryimage\"},\"thumbnailUrl\":\"https:\/\/et.rainbowmultimedia.com.pl\/wp-content\/uploads\/2025\/11\/EpicTUBE-Cushion-Semicircle.jpg\",\"datePublished\":\"2025-11-06T12:26:37+00:00\",\"dateModified\":\"2026-02-09T21:18:46+00:00\",\"description\":\"Ma\u00dfgeschneiderter Kissenbezug halbrund (ohne F\u00fcllung). Wetterfestes Oxford 600D & wasserdichter Rei\u00dfverschluss. Perfekt f\u00fcr Rattan-M\u00f6bel. Made in EU.\",\"breadcrumb\":{\"@id\":\"https:\/\/et.rainbowmultimedia.com.pl\/produkt\/polsterbezug-halbrund-nach-mass\/#breadcrumb\"},\"inLanguage\":\"en-GB\",\"potentialAction\":[{\"@type\":\"ReadAction\",\"target\":[\"https:\/\/et.rainbowmultimedia.com.pl\/produkt\/polsterbezug-halbrund-nach-mass\/\"]}]},{\"@type\":\"ImageObject\",\"inLanguage\":\"en-GB\",\"@id\":\"https:\/\/et.rainbowmultimedia.com.pl\/produkt\/polsterbezug-halbrund-nach-mass\/#primaryimage\",\"url\":\"https:\/\/et.rainbowmultimedia.com.pl\/wp-content\/uploads\/2025\/11\/EpicTUBE-Cushion-Semicircle.jpg\",\"contentUrl\":\"https:\/\/et.rainbowmultimedia.com.pl\/wp-content\/uploads\/2025\/11\/EpicTUBE-Cushion-Semicircle.jpg\",\"width\":1024,\"height\":1024},{\"@type\":\"BreadcrumbList\",\"@id\":\"https:\/\/et.rainbowmultimedia.com.pl\/produkt\/polsterbezug-halbrund-nach-mass\/#breadcrumb\",\"itemListElement\":[{\"@type\":\"ListItem\",\"position\":1,\"name\":\"Home\",\"item\":\"https:\/\/et.rainbowmultimedia.com.pl\/\"},{\"@type\":\"ListItem\",\"position\":2,\"name\":\"Sklep\",\"item\":\"https:\/\/et.rainbowmultimedia.com.pl\/sklep\/\"},{\"@type\":\"ListItem\",\"position\":3,\"name\":\"Polsterbezug halbrund nach Ma\u00df\"}]},{\"@type\":\"WebSite\",\"@id\":\"https:\/\/et.rainbowmultimedia.com.pl\/#website\",\"url\":\"https:\/\/et.rainbowmultimedia.com.pl\/\",\"name\":\"Epic Tube\",\"description\":\"Kosteng\u00fcnstige Abdeckungen nach Ma\u00df versandfertig in 3 Tagen\",\"publisher\":{\"@id\":\"https:\/\/et.rainbowmultimedia.com.pl\/#organization\"},\"potentialAction\":[{\"@type\":\"SearchAction\",\"target\":{\"@type\":\"EntryPoint\",\"urlTemplate\":\"https:\/\/et.rainbowmultimedia.com.pl\/?s={search_term_string}\"},\"query-input\":{\"@type\":\"PropertyValueSpecification\",\"valueRequired\":true,\"valueName\":\"search_term_string\"}}],\"inLanguage\":\"en-GB\"},{\"@type\":\"Organization\",\"@id\":\"https:\/\/et.rainbowmultimedia.com.pl\/#organization\",\"name\":\"Epic Tube\",\"url\":\"https:\/\/et.rainbowmultimedia.com.pl\/\",\"logo\":{\"@type\":\"ImageObject\",\"inLanguage\":\"en-GB\",\"@id\":\"https:\/\/et.rainbowmultimedia.com.pl\/#\/schema\/logo\/image\/\",\"url\":\"https:\/\/et.rainbowmultimedia.com.pl\/wp-content\/uploads\/2024\/06\/Logo_EPIC_TUBE_400x400.jpg\",\"contentUrl\":\"https:\/\/et.rainbowmultimedia.com.pl\/wp-content\/uploads\/2024\/06\/Logo_EPIC_TUBE_400x400.jpg\",\"width\":400,\"height\":400,\"caption\":\"Epic Tube\"},\"image\":{\"@id\":\"https:\/\/et.rainbowmultimedia.com.pl\/#\/schema\/logo\/image\/\"}}]}<\/script>\n<!-- \/ Yoast SEO plugin. -->","yoast_head_json":{"title":"Customised semi-circular upholstery cover | Waterproof &amp; robust","description":"Tailor-made semi-circular cushion cover (without filling). Weatherproof Oxford 600D &amp; waterproof zip. Perfect for rattan furniture. Made in EU.","robots":{"index":"index","follow":"follow","max-snippet":"max-snippet:-1","max-image-preview":"max-image-preview:large","max-video-preview":"max-video-preview:-1"},"canonical":"https:\/\/et.rainbowmultimedia.com.pl\/en\/product-2\/semi-circular-upholstery-cover-made-to-measure\/","og_locale":"en_GB","og_type":"article","og_title":"Polsterbezug halbrund nach Ma\u00df | Wasserdicht & Robust","og_description":"Ma\u00dfgeschneiderter Kissenbezug halbrund (ohne F\u00fcllung). Wetterfestes Oxford 600D & wasserdichter Rei\u00dfverschluss. Perfekt f\u00fcr Rattan-M\u00f6bel. Made in EU.","og_url":"https:\/\/et.rainbowmultimedia.com.pl\/en\/product-2\/semi-circular-upholstery-cover-made-to-measure\/","og_site_name":"Epic TUBE - Abdeckungen nach Ma\u00df","article_modified_time":"2026-02-09T21:18:46+00:00","og_image":[{"width":1024,"height":1024,"url":"https:\/\/et.rainbowmultimedia.com.pl\/wp-content\/uploads\/2025\/11\/EpicTUBE-Cushion-Semicircle.jpg","type":"image\/jpeg"}],"twitter_card":"summary_large_image","twitter_misc":{"Est. reading time":"2 minutes"},"schema":{"@context":"https:\/\/schema.org","@graph":[{"@type":"WebPage","@id":"https:\/\/et.rainbowmultimedia.com.pl\/produkt\/polsterbezug-halbrund-nach-mass\/","url":"https:\/\/et.rainbowmultimedia.com.pl\/produkt\/polsterbezug-halbrund-nach-mass\/","name":"Customised semi-circular upholstery cover | Waterproof &amp; robust","isPartOf":{"@id":"https:\/\/et.rainbowmultimedia.com.pl\/#website"},"primaryImageOfPage":{"@id":"https:\/\/et.rainbowmultimedia.com.pl\/produkt\/polsterbezug-halbrund-nach-mass\/#primaryimage"},"image":{"@id":"https:\/\/et.rainbowmultimedia.com.pl\/produkt\/polsterbezug-halbrund-nach-mass\/#primaryimage"},"thumbnailUrl":"https:\/\/et.rainbowmultimedia.com.pl\/wp-content\/uploads\/2025\/11\/EpicTUBE-Cushion-Semicircle.jpg","datePublished":"2025-11-06T12:26:37+00:00","dateModified":"2026-02-09T21:18:46+00:00","description":"Tailor-made semi-circular cushion cover (without filling). Weatherproof Oxford 600D &amp; waterproof zip. Perfect for rattan furniture. Made in EU.","breadcrumb":{"@id":"https:\/\/et.rainbowmultimedia.com.pl\/produkt\/polsterbezug-halbrund-nach-mass\/#breadcrumb"},"inLanguage":"en-GB","potentialAction":[{"@type":"ReadAction","target":["https:\/\/et.rainbowmultimedia.com.pl\/produkt\/polsterbezug-halbrund-nach-mass\/"]}]},{"@type":"ImageObject","inLanguage":"en-GB","@id":"https:\/\/et.rainbowmultimedia.com.pl\/produkt\/polsterbezug-halbrund-nach-mass\/#primaryimage","url":"https:\/\/et.rainbowmultimedia.com.pl\/wp-content\/uploads\/2025\/11\/EpicTUBE-Cushion-Semicircle.jpg","contentUrl":"https:\/\/et.rainbowmultimedia.com.pl\/wp-content\/uploads\/2025\/11\/EpicTUBE-Cushion-Semicircle.jpg","width":1024,"height":1024},{"@type":"BreadcrumbList","@id":"https:\/\/et.rainbowmultimedia.com.pl\/produkt\/polsterbezug-halbrund-nach-mass\/#breadcrumb","itemListElement":[{"@type":"ListItem","position":1,"name":"Home","item":"https:\/\/et.rainbowmultimedia.com.pl\/"},{"@type":"ListItem","position":2,"name":"Sklep","item":"https:\/\/et.rainbowmultimedia.com.pl\/sklep\/"},{"@type":"ListItem","position":3,"name":"Polsterbezug halbrund nach Ma\u00df"}]},{"@type":"WebSite","@id":"https:\/\/et.rainbowmultimedia.com.pl\/#website","url":"https:\/\/et.rainbowmultimedia.com.pl\/","name":"Epic Tube","description":"Cost-effective customised covers ready for dispatch in 3 days","publisher":{"@id":"https:\/\/et.rainbowmultimedia.com.pl\/#organization"},"potentialAction":[{"@type":"SearchAction","target":{"@type":"EntryPoint","urlTemplate":"https:\/\/et.rainbowmultimedia.com.pl\/?s={search_term_string}"},"query-input":{"@type":"PropertyValueSpecification","valueRequired":true,"valueName":"search_term_string"}}],"inLanguage":"en-GB"},{"@type":"Organization","@id":"https:\/\/et.rainbowmultimedia.com.pl\/#organization","name":"Epic Tube","url":"https:\/\/et.rainbowmultimedia.com.pl\/","logo":{"@type":"ImageObject","inLanguage":"en-GB","@id":"https:\/\/et.rainbowmultimedia.com.pl\/#\/schema\/logo\/image\/","url":"https:\/\/et.rainbowmultimedia.com.pl\/wp-content\/uploads\/2024\/06\/Logo_EPIC_TUBE_400x400.jpg","contentUrl":"https:\/\/et.rainbowmultimedia.com.pl\/wp-content\/uploads\/2024\/06\/Logo_EPIC_TUBE_400x400.jpg","width":400,"height":400,"caption":"Epic Tube"},"image":{"@id":"https:\/\/et.rainbowmultimedia.com.pl\/#\/schema\/logo\/image\/"}}]}},"wcpa_form_fields":{"wcpaData":{"product":{"product_price":11.68,"price_html":"<span class=\"woocommerce-Price-amount amount\"><bdi><span class=\"woocommerce-Price-currencySymbol\">&euro;<\/span>11,68<\/bdi><\/span>","original_product_price":11.68,"price_including_tax":11.68,"price_excluding_tax":11.6806,"product_id":{"parent":4101,"variation":false},"is_variable":false,"stock_status":"instock","stock_quantity":null,"parent_sku":"4101","product_attributes":[],"custom_fields":[],"is_taxable":true,"product_name":"Polsterbezug halbrund nach Ma\u00df"},"fields":{"sec_1690c972973113":{"extra":{"key":"sec_1690c972973113","section_id":"sec_1690c972973113","name":"Default","status":1,"cl_rule":"show","enableCl":false,"relations":[],"toggle":true,"title_tag":"h3","show_title":false,"showPrice":"default","form_id":4106,"form_rules":{"exclude_from_discount":false,"fee_label":"Fee","disp_hide_options_price":false,"disp_show_section_price":false,"disp_show_field_price":true,"layout_option":"standard","pric_use_as_fee":false,"process_fee_as":"woo_fee"},"layout_option":"standard"},"fields":[[{"active":true,"col":3,"relations":[{"operator":false,"rules":[{"operator":"AND","rules":{"cl_field":"attribute","cl_relation":"","cl_val":""}}]}],"cl_rule":"show","enableCl":false,"price":"0.126","enablePrice":true,"className":"","label_position":"default","desc_position":"default","type":"number","required":true,"elementId":"number_1690c97297315a","label":"L\u00e4nge L","name":"number_1690c97297315a","value":"","error":false,"min":"10","max":"250","pricingType":"multiply","cartLabel":"L\u00e4nge","isTemplate":false,"use_as_fee":false,"hideFieldIn_cart":false,"maxValueError":"Maximalgr\u00f6\u00dfe %s","requiredError":"Dieses Feld ist erforderlich","minValueError":"Der Mindestwert betr\u00e4gt %s ","mapToCheckout":false,"description":"cm","gt_translate_keys":["label","description","value","requiredError","minValueError","maxValueError"],"price_dependency":false,"cl_dependency":false},{"label":"Tiefe D1","cartLabel":"Tiefe D1","active":true,"required":true,"elementId":"number_7690c972973169","value":"","name":"number_7690c972973169","label_position":"default","desc_position":"default","enablePrice":true,"className":"","enableCl":false,"relations":[{"operator":false,"rules":[{"operator":"AND","rules":{"cl_field":"attribute","cl_relation":"","cl_val":""}}]}],"min":"10","max":"250","pricingType":"multiply","isTemplate":false,"price":"0.126","use_as_fee":false,"cl_rule":"show","col":3,"type":"number","error":false,"mapToCheckout":false,"hideFieldIn_cart":false,"maxValueError":"Maximalgr\u00f6\u00dfe %s","requiredError":"Dieses Feld ist erforderlich","minValueError":"Der Mindestwert betr\u00e4gt %s ","description":"cm","gt_translate_keys":["label","description","value","requiredError","minValueError","maxValueError"],"price_dependency":false,"cl_dependency":["checkbox_7690c97297318d"]}],[{"label":"Tiefe D2","cartLabel":"Tiefe D2","active":true,"required":true,"elementId":"number-3304126825","value":"","description":"cm","name":"number-3304126825","label_position":"default","desc_position":"default","enablePrice":true,"className":"","enableCl":false,"relations":[{"operator":false,"rules":[{"operator":"AND","rules":{"cl_field":"attribute","cl_relation":"","cl_val":""}}]}],"requiredError":"Dieses Feld ist erforderlich","mapToCheckout":false,"min":"10","max":"250","minValueError":"Der Mindestwert betr\u00e4gt %s ","maxValueError":"Maximalgr\u00f6\u00dfe %s","pricingType":"multiply","isTemplate":false,"price":"0.126","use_as_fee":false,"cl_rule":"show","col":3,"type":"number","error":false,"gt_translate_keys":["label","description","value","requiredError","minValueError","maxValueError"],"price_dependency":false,"cl_dependency":["checkbox-3062396140"]},{"label":"H\u00f6he H","cartLabel":"H\u00f6he","active":true,"required":true,"elementId":"number_3690c972973175","value":"","name":"number_3690c972973175","label_position":"default","desc_position":"default","enablePrice":true,"className":"","enableCl":false,"relations":[{"operator":false,"rules":[{"operator":"AND","rules":{"cl_field":"attribute","cl_relation":"","cl_val":""}}]}],"min":"1","max":"50","pricingType":"multiply","isTemplate":false,"price":"0.840","use_as_fee":false,"cl_rule":"show","col":3,"type":"number","error":false,"hideFieldIn_cart":false,"maxValueError":"Maximalgr\u00f6\u00dfe %s","requiredError":"Dieses Feld ist erforderlich","minValueError":"Der Mindestwert betr\u00e4gt %s ","description":"cm","gt_translate_keys":["label","description","value","requiredError","minValueError","maxValueError"],"price_dependency":false,"cl_dependency":false}],[{"active":true,"col":6,"relations":false,"cl_rule":"show","enableCl":false,"price":"6.7226","enablePrice":true,"className":"","label_position":"default","desc_position":"default","type":"checkbox","required":false,"elementId":"checkbox_9690c972973182","label":"Wasserdichte Ausf\u00fchrung","name":"checkbox_9690c972973182","value":"","check_value":"Yes","checkUi":"toggle","error":false,"pricingType":"fixed","cartLabel":"Waterproof Option","gt_translate_keys":["label","value","check_value"],"price_dependency":false,"cl_dependency":false}],[{"active":true,"col":6,"relations":[{"operator":false,"rules":[{"operator":"AND","rules":{"cl_field":"number_7690c972973169","cl_relation":"is_greater","cl_val":"142.5"}}]}],"cl_rule":"show","enableCl":true,"price":"21.067","enablePrice":true,"className":"check-doplata","label_position":"default","desc_position":"default","type":"checkbox","required":true,"elementId":"checkbox_7690c97297318d","label":"D1+","name":"checkbox_7690c97297318d","value":true,"check_value":"Ja","checkUi":"","error":false,"pricingType":"fixed","hideFieldIn_cart":true,"hideFieldIn_order":true,"gt_translate_keys":["label","value","check_value"],"price_dependency":false,"cl_dependency":false}],[{"label":"D2+","active":true,"required":true,"elementId":"checkbox-3062396140","check_value":"Ja","value":true,"name":"checkbox-3062396140","label_position":"default","desc_position":"default","enablePrice":true,"className":"check-doplata","enableCl":true,"relations":[{"operator":false,"rules":[{"operator":"AND","rules":{"cl_field":"number-3304126825","cl_relation":"is_greater","cl_val":"142.5"}}]}],"checkUi":"","pricingType":"fixed","price":"21.067","cl_rule":"show","col":6,"type":"checkbox","error":false,"hideFieldIn_order":true,"hideFieldIn_cart":true,"gt_translate_keys":["label","value","check_value"],"price_dependency":false,"cl_dependency":false}]]},"sec_3690c97297318f":{"extra":{"key":"sec_3690c97297318f","section_id":"sec_3690c97297318f","name":"New Section","status":1,"cl_rule":"show","enableCl":false,"relations":[],"toggle":true,"title_tag":"h4","show_title":false,"showPrice":"default","form_id":4106,"form_rules":{"exclude_from_discount":false,"fee_label":"Fee","disp_hide_options_price":false,"disp_show_section_price":false,"disp_show_field_price":true,"layout_option":"standard","pric_use_as_fee":false,"process_fee_as":"woo_fee"},"layout_option":"standard"},"fields":[[{"active":true,"col":6,"relations":false,"cl_rule":"show","enableCl":false,"price":"","enablePrice":true,"className":"","label_position":"default","desc_position":"default","type":"image-group","required":true,"elementId":"image-group_0690c97297319c","label":"Farbe","name":"image-group_0690c97297319c","enable_popup":"no","multiple":false,"layOut":"col-3","img_selection_type":"outline","disp_type":"squircle","values":[{"label":"Anthrazit","value":"Anthrazit","selected":false,"image":"https:\/\/sklepyprestashop.kylos.pl\/epictube\/wp-content\/uploads\/2024\/06\/Abdeckung_color156.jpg","thumb":"https:\/\/sklepyprestashop.kylos.pl\/epictube\/wp-content\/uploads\/2024\/06\/Abdeckung_color156-150x150.jpg","tempId":"aco_764","image_id":42,"price":"","thumb_src":"https:\/\/et.rainbowmultimedia.com.pl\/wp-content\/uploads\/2024\/06\/Abdeckung_color156-100x100.jpg","gt_translate_keys":["label"]},{"label":"Schwarz","value":"Schwarz","selected":false,"image":"https:\/\/sklepyprestashop.kylos.pl\/epictube\/wp-content\/uploads\/2024\/06\/Abdeckung_color580.jpg","thumb":"https:\/\/sklepyprestashop.kylos.pl\/epictube\/wp-content\/uploads\/2024\/06\/Abdeckung_color580-150x150.jpg","tempId":"aco_1450","image_id":44,"thumb_src":"https:\/\/et.rainbowmultimedia.com.pl\/wp-content\/uploads\/2024\/06\/Abdeckung_color580-100x100.jpg","gt_translate_keys":["label"]},{"label":"Beige","value":"Beige","selected":false,"image":"https:\/\/sklepyprestashop.kylos.pl\/epictube\/wp-content\/uploads\/2024\/06\/Abdeckung_color573.jpg","thumb":"https:\/\/sklepyprestashop.kylos.pl\/epictube\/wp-content\/uploads\/2024\/06\/Abdeckung_color573-150x150.jpg","tempId":"aco_765","image_id":43,"price":"","thumb_src":"https:\/\/et.rainbowmultimedia.com.pl\/wp-content\/uploads\/2024\/06\/Abdeckung_color573-100x100.jpg","gt_translate_keys":["label"]},{"label":"Gr\u00fcn","value":"Gr\u00fcn","selected":false,"image":"https:\/\/sklepyprestashop.kylos.pl\/epictube\/wp-content\/uploads\/2024\/06\/Abdeckung_color693.jpg","thumb":"https:\/\/sklepyprestashop.kylos.pl\/epictube\/wp-content\/uploads\/2024\/06\/Abdeckung_color693-150x150.jpg","tempId":"aco_1463","image_id":45,"thumb_src":"https:\/\/et.rainbowmultimedia.com.pl\/wp-content\/uploads\/2024\/06\/Abdeckung_color693-100x100.jpg","gt_translate_keys":["label"]},{"label":"Dunkelblau","value":"Dunkelblau","selected":false,"image":"https:\/\/sklepyprestashop.kylos.pl\/epictube\/wp-content\/uploads\/2024\/06\/Abdeckung_color058.jpg","thumb":"https:\/\/sklepyprestashop.kylos.pl\/epictube\/wp-content\/uploads\/2024\/06\/Abdeckung_color058-150x150.jpg","tempId":"aco_763","image_id":41,"price":"","thumb_src":"https:\/\/et.rainbowmultimedia.com.pl\/wp-content\/uploads\/2024\/06\/Abdeckung_color058-100x100.jpg","gt_translate_keys":["label"]}],"disp_size_img":{"width":"100","height":"100"},"error":false,"img_preview":false,"img_preview_disable_mobile":false,"cartLabel":"Farbe","hideFieldIn_cart":false,"requiredError":"Dieses Feld ist erforderlich","minFieldsError":"Der Mindestwert betr\u00e4gt","priceOptions":"different_for_all","pricingType":"fixed","gt_translate_keys":["label","requiredError","minFieldsError"],"price_dependency":false,"cl_dependency":false,"value":""}]]},"sec_8690c97297319d":{"extra":{"key":"sec_8690c97297319d","section_id":"sec_8690c97297319d","name":"New Section","status":1,"cl_rule":"show","enableCl":false,"relations":[],"toggle":true,"title_tag":"h4","show_title":false,"showPrice":"default","form_id":4106,"form_rules":{"exclude_from_discount":false,"fee_label":"Fee","disp_hide_options_price":false,"disp_show_section_price":false,"disp_show_field_price":true,"layout_option":"standard","pric_use_as_fee":false,"process_fee_as":"woo_fee"},"layout_option":"standard"},"fields":[]}},"config":{"price_override":"","enable_recaptcha":false,"bind_quantity":false,"quantity_bind_formula":false,"disp_summ_show_option_price":false,"disp_summ_show_product_price":false,"disp_summ_show_total_price":true,"disp_summ_show_fee":false,"disp_summ_show_discount":false,"summary_title":"","options_total_label":"Options Price","total_label":"Gesamt (inkl. MwSt.) + kostenlose Lieferung","options_product_label":"Product Price","fee_label":"Fee","discount_label":"Discount","has_price":true,"has_quantity_formula":false},"mc_unit":1,"tax_rate":1,"tax_rate_real":0,"discount":{"percentage":0,"fixed":0},"design":{"conf":{"LabelPosition":"above","DescPosition":"below","UploadField":"custom_1","QuantityFieldStyle":"default"},"css":{"LeftLabelWidth":"120px"}},"formulas":{"fmla_1718017795240173547":"((0)?(0):(0))"},"clones":false,"cartKey":false}},"_links":{"self":[{"href":"https:\/\/et.rainbowmultimedia.com.pl\/en\/wp-json\/wp\/v2\/product\/4101","targetHints":{"allow":["GET"]}}],"collection":[{"href":"https:\/\/et.rainbowmultimedia.com.pl\/en\/wp-json\/wp\/v2\/product"}],"about":[{"href":"https:\/\/et.rainbowmultimedia.com.pl\/en\/wp-json\/wp\/v2\/types\/product"}],"wp:featuredmedia":[{"embeddable":true,"href":"https:\/\/et.rainbowmultimedia.com.pl\/en\/wp-json\/wp\/v2\/media\/4632"}],"wp:attachment":[{"href":"https:\/\/et.rainbowmultimedia.com.pl\/en\/wp-json\/wp\/v2\/media?parent=4101"}],"wp:term":[{"taxonomy":"product_brand","embeddable":true,"href":"https:\/\/et.rainbowmultimedia.com.pl\/en\/wp-json\/wp\/v2\/product_brand?post=4101"},{"taxonomy":"product_cat","embeddable":true,"href":"https:\/\/et.rainbowmultimedia.com.pl\/en\/wp-json\/wp\/v2\/product_cat?post=4101"},{"taxonomy":"product_tag","embeddable":true,"href":"https:\/\/et.rainbowmultimedia.com.pl\/en\/wp-json\/wp\/v2\/product_tag?post=4101"}],"curies":[{"name":"wp","href":"https:\/\/api.w.org\/{rel}","templated":true}]}}